{"id":5718,"date":"2025-05-20T07:42:11","date_gmt":"2025-05-20T07:42:11","guid":{"rendered":"https:\/\/arthrosamid.be\/healthcare-providers\/"},"modified":"2026-01-22T09:16:41","modified_gmt":"2026-01-22T09:16:41","slug":"healthcare-providers","status":"publish","type":"page","link":"https:\/\/arthrosamid.be\/en\/healthcare-providers\/","title":{"rendered":"healthcare providers"},"content":{"rendered":"\t\t<div data-elementor-type=\"wp-page\" data-elementor-id=\"5718\" class=\"elementor elementor-5718 elementor-43\" data-elementor-post-type=\"page\">\n\t\t\t\t<div class=\"elementor-element elementor-element-6259bf6 e-flex e-con-boxed e-con e-parent\" data-id=\"6259bf6\" data-element_type=\"container\" data-e-type=\"container\" data-settings=\"{&quot;background_background&quot;:&quot;classic&quot;}\">\n\t\t\t\t\t<div class=\"e-con-inner\">\n\t\t<div class=\"elementor-element elementor-element-eb945a2 e-con-full e-flex e-con e-child\" data-id=\"eb945a2\" data-element_type=\"container\" data-e-type=\"container\" data-settings=\"{&quot;background_background&quot;:&quot;classic&quot;}\">\n\t\t<div class=\"elementor-element elementor-element-ad74a7b e-con-full e-flex e-con e-child\" data-id=\"ad74a7b\" data-element_type=\"container\" data-e-type=\"container\">\n\t\t\t\t<div class=\"elementor-element elementor-element-e7fee74 elementor-widget elementor-widget-heading\" data-id=\"e7fee74\" data-element_type=\"widget\" data-e-type=\"widget\" data-widget_type=\"heading.default\">\n\t\t\t\t<div class=\"elementor-widget-container\">\n\t\t\t\t\t<h1 class=\"elementor-heading-title elementor-size-default\">Arthrosamid, the treatment for osteoarthritis<\/h1>\t\t\t\t<\/div>\n\t\t\t\t<\/div>\n\t\t\t\t<div class=\"elementor-element elementor-element-c316c31 elementor-widget elementor-widget-heading\" data-id=\"c316c31\" data-element_type=\"widget\" data-e-type=\"widget\" data-widget_type=\"heading.default\">\n\t\t\t\t<div class=\"elementor-widget-container\">\n\t\t\t\t\t<h2 class=\"elementor-heading-title elementor-size-default\">Safe treatment and long-term pain relief for knee osteoarthritis\n<\/h2>\t\t\t\t<\/div>\n\t\t\t\t<\/div>\n\t\t\t\t<\/div>\n\t\t<div class=\"elementor-element elementor-element-967bee4 e-con-full e-flex e-con e-child\" data-id=\"967bee4\" data-element_type=\"container\" data-e-type=\"container\">\n\t\t\t\t<div class=\"elementor-element elementor-element-28ebf41 elementor-widget elementor-widget-button\" data-id=\"28ebf41\" data-element_type=\"widget\" data-e-type=\"widget\" data-widget_type=\"button.default\">\n\t\t\t\t<div class=\"elementor-widget-container\">\n\t\t\t\t\t\t\t\t\t<div class=\"elementor-button-wrapper\">\n\t\t\t\t\t<a class=\"elementor-button elementor-button-link elementor-size-sm\" href=\"https:\/\/arthrosamid.be\/zorgverleners\/arthrosamid\/\">\n\t\t\t\t\t\t<span class=\"elementor-button-content-wrapper\">\n\t\t\t\t\t\t\t\t\t<span class=\"elementor-button-text\">Discover how Arthrosamid\u00ae works<\/span>\n\t\t\t\t\t<\/span>\n\t\t\t\t\t<\/a>\n\t\t\t\t<\/div>\n\t\t\t\t\t\t\t\t<\/div>\n\t\t\t\t<\/div>\n\t\t\t\t<div class=\"elementor-element elementor-element-68efa70 elementor-mobile-align-justify elementor-widget elementor-widget-button\" data-id=\"68efa70\" data-element_type=\"widget\" data-e-type=\"widget\" data-widget_type=\"button.default\">\n\t\t\t\t<div class=\"elementor-widget-container\">\n\t\t\t\t\t\t\t\t\t<div class=\"elementor-button-wrapper\">\n\t\t\t\t\t<a class=\"elementor-button elementor-button-link elementor-size-sm\" href=\"https:\/\/arthrosamid.be\/en\/healthcare-providers\/info\/\">\n\t\t\t\t\t\t<span class=\"elementor-button-content-wrapper\">\n\t\t\t\t\t\t\t\t\t<span class=\"elementor-button-text\">Start using Arthrosamid<\/span>\n\t\t\t\t\t<\/span>\n\t\t\t\t\t<\/a>\n\t\t\t\t<\/div>\n\t\t\t\t\t\t\t\t<\/div>\n\t\t\t\t<\/div>\n\t\t\t\t<\/div>\n\t\t\t\t<\/div>\n\t\t\t\t\t<\/div>\n\t\t\t\t<\/div>\n\t\t<div class=\"elementor-element elementor-element-b288222 e-flex e-con-boxed e-con e-parent\" data-id=\"b288222\" data-element_type=\"container\" data-e-type=\"container\">\n\t\t\t\t\t<div class=\"e-con-inner\">\n\t\t<div class=\"elementor-element elementor-element-e244b0c e-con-full e-flex e-con e-child\" data-id=\"e244b0c\" data-element_type=\"container\" data-e-type=\"container\" data-settings=\"{&quot;background_background&quot;:&quot;classic&quot;}\">\n\t\t\t\t<div class=\"elementor-element elementor-element-bab575d elementor-widget elementor-widget-heading\" data-id=\"bab575d\" data-element_type=\"widget\" data-e-type=\"widget\" data-widget_type=\"heading.default\">\n\t\t\t\t<div class=\"elementor-widget-container\">\n\t\t\t\t\t<h2 class=\"elementor-heading-title elementor-size-default\">A new definition of knee osteoarthritis treatment without surgery.<\/h2>\t\t\t\t<\/div>\n\t\t\t\t<\/div>\n\t\t\t\t<div class=\"elementor-element elementor-element-33216ae elementor-widget elementor-widget-text-editor\" data-id=\"33216ae\" data-element_type=\"widget\" data-e-type=\"widget\" data-widget_type=\"text-editor.default\">\n\t\t\t\t<div class=\"elementor-widget-container\">\n\t\t\t\t\t\t\t\t\t<p style=\"text-align: center;\">Arthrosamid\u00ae is a non-biodegradable hydrogel composed of 2.5% crosslinked Polyacrylamide and 97.5% water, 2.5% IPAAG. It is registered as an injectable implant because it forms a permanent part of the knee joint and provides long-term pain relief &#8211; improving the quality of life of patients with knee osteoarthritis <\/p>\t\t\t\t\t\t\t\t<\/div>\n\t\t\t\t<\/div>\n\t\t\t\t<div class=\"elementor-element elementor-element-5e5c21a elementor-align-center elementor-widget elementor-widget-button\" data-id=\"5e5c21a\" data-element_type=\"widget\" data-e-type=\"widget\" data-widget_type=\"button.default\">\n\t\t\t\t<div class=\"elementor-widget-container\">\n\t\t\t\t\t\t\t\t\t<div class=\"elementor-button-wrapper\">\n\t\t\t\t\t<a class=\"elementor-button elementor-button-link elementor-size-sm\" href=\"https:\/\/arthrosamid.be\/zorgverleners\/arthrosamid\/\">\n\t\t\t\t\t\t<span class=\"elementor-button-content-wrapper\">\n\t\t\t\t\t\t\t\t\t<span class=\"elementor-button-text\">more information<\/span>\n\t\t\t\t\t<\/span>\n\t\t\t\t\t<\/a>\n\t\t\t\t<\/div>\n\t\t\t\t\t\t\t\t<\/div>\n\t\t\t\t<\/div>\n\t\t\t\t<\/div>\n\t\t<div class=\"elementor-element elementor-element-9a5bdca e-con-full e-flex e-con e-child\" data-id=\"9a5bdca\" data-element_type=\"container\" data-e-type=\"container\" data-settings=\"{&quot;background_background&quot;:&quot;classic&quot;}\">\n\t\t\t\t<\/div>\n\t\t\t\t\t<\/div>\n\t\t\t\t<\/div>\n\t\t<div class=\"elementor-element elementor-element-2948e11 e-flex e-con-boxed e-con e-parent\" data-id=\"2948e11\" data-element_type=\"container\" data-e-type=\"container\">\n\t\t\t\t\t<div class=\"e-con-inner\">\n\t\t<div class=\"elementor-element elementor-element-6320ddd e-con-full e-flex e-con e-child\" data-id=\"6320ddd\" data-element_type=\"container\" data-e-type=\"container\">\n\t\t<div class=\"elementor-element elementor-element-c42568a e-con-full e-flex e-con e-child\" data-id=\"c42568a\" data-element_type=\"container\" data-e-type=\"container\">\n\t\t<div class=\"elementor-element elementor-element-f3ae8aa e-con-full e-flex e-con e-child\" data-id=\"f3ae8aa\" data-element_type=\"container\" data-e-type=\"container\">\n\t\t\t\t<div class=\"elementor-element elementor-element-d91d61d elementor-widget elementor-widget-image\" data-id=\"d91d61d\" data-element_type=\"widget\" data-e-type=\"widget\" data-widget_type=\"image.default\">\n\t\t\t\t<div class=\"elementor-widget-container\">\n\t\t\t\t\t\t\t\t\t\t\t\t\t\t\t<img decoding=\"async\" src=\"https:\/\/arthrosamid.be\/wp-content\/uploads\/2025\/05\/Tekengebied-1_2.png\" title=\"\" alt=\"\" loading=\"lazy\" \/>\t\t\t\t\t\t\t\t\t\t\t\t\t\t\t<\/div>\n\t\t\t\t<\/div>\n\t\t\t\t<div class=\"elementor-element elementor-element-6775209 elementor-widget elementor-widget-heading\" data-id=\"6775209\" data-element_type=\"widget\" data-e-type=\"widget\" data-widget_type=\"heading.default\">\n\t\t\t\t<div class=\"elementor-widget-container\">\n\t\t\t\t\t<h2 class=\"elementor-heading-title elementor-size-default\">Safe<\/h2>\t\t\t\t<\/div>\n\t\t\t\t<\/div>\n\t\t\t\t<\/div>\n\t\t\t\t<div class=\"elementor-element elementor-element-b893660 elementor-widget elementor-widget-text-editor\" data-id=\"b893660\" data-element_type=\"widget\" data-e-type=\"widget\" data-widget_type=\"text-editor.default\">\n\t\t\t\t<div class=\"elementor-widget-container\">\n\t\t\t\t\t\t\t\t\t<p><span>Arthrosamid\u00ae is safe, biocompatible, non-resorbable and non-degradable. After injection into the synovial joint cavity, Arthrosamid fuses with the synovial tissue and remains there and does not degrade.   <\/span><\/p><p><span>This hydrogel has been used for 25 years and more than 1,800,000 patients have been treated with it for various conditions. There are no known long-term side reactions.   <\/span><\/p><p><span>After Arthrosamid treatment, it is possible to place a knee replacement with no known side effects related to Arthrosamid treatment.<\/span><\/p>\t\t\t\t\t\t\t\t<\/div>\n\t\t\t\t<\/div>\n\t\t\t\t<\/div>\n\t\t<div class=\"elementor-element elementor-element-009ff1b e-con-full e-flex e-con e-child\" data-id=\"009ff1b\" data-element_type=\"container\" data-e-type=\"container\">\n\t\t<div class=\"elementor-element elementor-element-9832f84 e-con-full e-flex e-con e-child\" data-id=\"9832f84\" data-element_type=\"container\" data-e-type=\"container\">\n\t\t\t\t<div class=\"elementor-element elementor-element-9fce520 elementor-widget elementor-widget-image\" data-id=\"9fce520\" data-element_type=\"widget\" data-e-type=\"widget\" data-widget_type=\"image.default\">\n\t\t\t\t<div class=\"elementor-widget-container\">\n\t\t\t\t\t\t\t\t\t\t\t\t\t\t\t<img decoding=\"async\" src=\"https:\/\/arthrosamid.be\/wp-content\/uploads\/2025\/05\/Tekengebied-1_1.png\" title=\"\" alt=\"\" loading=\"lazy\" \/>\t\t\t\t\t\t\t\t\t\t\t\t\t\t\t<\/div>\n\t\t\t\t<\/div>\n\t\t\t\t<div class=\"elementor-element elementor-element-35d2e26 elementor-widget elementor-widget-heading\" data-id=\"35d2e26\" data-element_type=\"widget\" data-e-type=\"widget\" data-widget_type=\"heading.default\">\n\t\t\t\t<div class=\"elementor-widget-container\">\n\t\t\t\t\t<h2 class=\"elementor-heading-title elementor-size-default\">Long-term<\/h2>\t\t\t\t<\/div>\n\t\t\t\t<\/div>\n\t\t\t\t<\/div>\n\t\t\t\t<div class=\"elementor-element elementor-element-32d2ff3 elementor-widget elementor-widget-text-editor\" data-id=\"32d2ff3\" data-element_type=\"widget\" data-e-type=\"widget\" data-widget_type=\"text-editor.default\">\n\t\t\t\t<div class=\"elementor-widget-container\">\n\t\t\t\t\t\t\t\t\t<p><span>Clinical studies show that after approximately 6 weeks to 4 months after injection, patients experience a marked reduction in pain and have improved mobility and functionality for up to 5 years after treatment. These results are seen in 80% of cases.   <\/span><\/p><p><span>There is a difference between treatment effect and patient age. In young patients, under 60 years the probability of a positive effect is 95%. In Patients over 70 years this effect 63%. Among patients who are positive, the vast majority are still positive after 5 years.     <\/span><\/p><p><span>Research after 10 years has shown that 56% of patients with osteoarthritis still have not had knee replacement surgery.<\/span><\/p>\t\t\t\t\t\t\t\t<\/div>\n\t\t\t\t<\/div>\n\t\t\t\t<\/div>\n\t\t<div class=\"elementor-element elementor-element-626ae6c e-con-full e-flex e-con e-child\" data-id=\"626ae6c\" data-element_type=\"container\" data-e-type=\"container\">\n\t\t<div class=\"elementor-element elementor-element-3f53e0d e-con-full e-flex e-con e-child\" data-id=\"3f53e0d\" data-element_type=\"container\" data-e-type=\"container\">\n\t\t\t\t<div class=\"elementor-element elementor-element-62615c7 elementor-widget elementor-widget-image\" data-id=\"62615c7\" data-element_type=\"widget\" data-e-type=\"widget\" data-widget_type=\"image.default\">\n\t\t\t\t<div class=\"elementor-widget-container\">\n\t\t\t\t\t\t\t\t\t\t\t\t\t\t\t<img decoding=\"async\" src=\"https:\/\/arthrosamid.be\/wp-content\/uploads\/2025\/05\/Tekengebied-1.png\" title=\"\" alt=\"\" loading=\"lazy\" \/>\t\t\t\t\t\t\t\t\t\t\t\t\t\t\t<\/div>\n\t\t\t\t<\/div>\n\t\t\t\t<div class=\"elementor-element elementor-element-5034141 elementor-widget elementor-widget-heading\" data-id=\"5034141\" data-element_type=\"widget\" data-e-type=\"widget\" data-widget_type=\"heading.default\">\n\t\t\t\t<div class=\"elementor-widget-container\">\n\t\t\t\t\t<h2 class=\"elementor-heading-title elementor-size-default\">Easy<\/h2>\t\t\t\t<\/div>\n\t\t\t\t<\/div>\n\t\t\t\t<\/div>\n\t\t\t\t<div class=\"elementor-element elementor-element-fcd4b79 elementor-widget elementor-widget-text-editor\" data-id=\"fcd4b79\" data-element_type=\"widget\" data-e-type=\"widget\" data-widget_type=\"text-editor.default\">\n\t\t\t\t<div class=\"elementor-widget-container\">\n\t\t\t\t\t\t\t\t\t<p>Arthrosamid\u00ae is injected into the joint crevice of the knee and provides a natural barrier to the inflammatory cells, makes the inner lining more elastic and causes the body to produce better joint fluid again, allowing the patient to experience fewer symptoms and function better.  <br><br><\/p><p>It is recommended that a prophylactic antibiotic be administered orally prior to surgery (because it is listed in the package insert) and the injection should be considered an implant.<\/p><p>For the patient&#8217;s well-being, it is advisable to give a local anesthetic in the skin and in the joint in the form of, for example, lidocaine prior to the injections.<\/p>\t\t\t\t\t\t\t\t<\/div>\n\t\t\t\t<\/div>\n\t\t\t\t<\/div>\n\t\t\t\t<\/div>\n\t\t\t\t\t<\/div>\n\t\t\t\t<\/div>\n\t\t<div class=\"elementor-element elementor-element-2f45c50 e-flex e-con-boxed e-con e-parent\" data-id=\"2f45c50\" data-element_type=\"container\" data-e-type=\"container\">\n\t\t\t\t\t<div class=\"e-con-inner\">\n\t\t<div class=\"elementor-element elementor-element-94956bd e-con-full e-flex e-con e-child\" data-id=\"94956bd\" data-element_type=\"container\" data-e-type=\"container\" data-settings=\"{&quot;background_background&quot;:&quot;classic&quot;}\">\n\t\t<div class=\"elementor-element elementor-element-412e99b e-con-full e-flex e-con e-child\" data-id=\"412e99b\" data-element_type=\"container\" data-e-type=\"container\" data-settings=\"{&quot;background_background&quot;:&quot;classic&quot;}\">\n\t\t\t\t<div class=\"elementor-element elementor-element-5aee116 elementor-widget elementor-widget-heading\" data-id=\"5aee116\" data-element_type=\"widget\" data-e-type=\"widget\" data-widget_type=\"heading.default\">\n\t\t\t\t<div class=\"elementor-widget-container\">\n\t\t\t\t\t<h2 class=\"elementor-heading-title elementor-size-default\">Results  <\/h2>\t\t\t\t<\/div>\n\t\t\t\t<\/div>\n\t\t\t\t<div class=\"elementor-element elementor-element-77464e2 elementor-widget elementor-widget-text-editor\" data-id=\"77464e2\" data-element_type=\"widget\" data-e-type=\"widget\" data-widget_type=\"text-editor.default\">\n\t\t\t\t<div class=\"elementor-widget-container\">\n\t\t\t\t\t\t\t\t\t<p>Several studies have demonstrated the positive effect of Arthrosamid over a period of several years. The 5-year results of the IDA &amp; ROSA study have now been presented. &nbsp; It can be seen that patients who respond positively continue to show approximately the same response after five years as they did in year one.Te zien is dat pati\u00ebnten die positief reageren ook na 5 jaar een ongeveer gelijk reactie laten zien dan in jaar \u00e9\u00e9n.<\/p>\t\t\t\t\t\t\t\t<\/div>\n\t\t\t\t<\/div>\n\t\t\t\t<div class=\"elementor-element elementor-element-cdcf653 elementor-align-center elementor-widget elementor-widget-button\" data-id=\"cdcf653\" data-element_type=\"widget\" data-e-type=\"widget\" data-widget_type=\"button.default\">\n\t\t\t\t<div class=\"elementor-widget-container\">\n\t\t\t\t\t\t\t\t\t<div class=\"elementor-button-wrapper\">\n\t\t\t\t\t<a class=\"elementor-button elementor-button-link elementor-size-sm\" href=\"https:\/\/arthrosamid.be\/en\/healthcare-providers\/results\/\">\n\t\t\t\t\t\t<span class=\"elementor-button-content-wrapper\">\n\t\t\t\t\t\t\t\t\t<span class=\"elementor-button-text\">Read more<\/span>\n\t\t\t\t\t<\/span>\n\t\t\t\t\t<\/a>\n\t\t\t\t<\/div>\n\t\t\t\t\t\t\t\t<\/div>\n\t\t\t\t<\/div>\n\t\t\t\t<\/div>\n\t\t<div class=\"elementor-element elementor-element-cc6a26e e-con-full e-flex e-con e-child\" data-id=\"cc6a26e\" data-element_type=\"container\" data-e-type=\"container\" data-settings=\"{&quot;background_background&quot;:&quot;classic&quot;}\">\n\t\t\t\t<\/div>\n\t\t\t\t<\/div>\n\t\t\t\t\t<\/div>\n\t\t\t\t<\/div>\n\t\t\t\t<\/div>\n\t\t","protected":false},"excerpt":{"rendered":"<p>Arthrosamid, the treatment for osteoarthritis Safe treatment and long-term pain relief for knee osteoarthritis Discover how Arthrosamid\u00ae works Start using Arthrosamid A new definition of knee osteoarthritis treatment without surgery. Arthrosamid\u00ae is a non-biodegradable hydrogel composed of 2.5% crosslinked Polyacrylamide and 97.5% water, 2.5% IPAAG. It is registered as an injectable implant because it forms [&hellip;]<\/p>\n","protected":false},"author":1,"featured_media":0,"parent":0,"menu_order":0,"comment_status":"closed","ping_status":"closed","template":"elementor_header_footer","meta":{"iawp_total_views":62,"footnotes":""},"class_list":["post-5718","page","type-page","status-publish","hentry"],"yoast_head":"<!-- This site is optimized with the Yoast SEO plugin v27.5 - https:\/\/yoast.com\/product\/yoast-seo-wordpress\/ -->\n<title>healthcare providers - Behandeling knieartrose ARTHROSAMID Injectie<\/title>\n<meta name=\"description\" content=\"Discover Arthrosamid: an innovative treatment for osteoarthritis that provides long-term pain relief and improved mobility. Information for caregivers.\" \/>\n<meta name=\"robots\" content=\"index, follow, max-snippet:-1, max-image-preview:large, max-video-preview:-1\" \/>\n<link rel=\"canonical\" href=\"https:\/\/arthrosamid.be\/en\/healthcare-providers\/\" \/>\n<meta property=\"og:locale\" content=\"en_US\" \/>\n<meta property=\"og:type\" content=\"article\" \/>\n<meta property=\"og:title\" content=\"healthcare providers - Behandeling knieartrose ARTHROSAMID Injectie\" \/>\n<meta property=\"og:description\" content=\"Discover Arthrosamid: an innovative treatment for osteoarthritis that provides long-term pain relief and improved mobility. Information for caregivers.\" \/>\n<meta property=\"og:url\" content=\"https:\/\/arthrosamid.be\/en\/healthcare-providers\/\" \/>\n<meta property=\"og:site_name\" content=\"Behandeling knieartrose ARTHROSAMID Injectie\" \/>\n<meta property=\"article:modified_time\" content=\"2026-01-22T09:16:41+00:00\" \/>\n<meta property=\"og:image\" content=\"https:\/\/arthrosamid.be\/wp-content\/uploads\/2025\/05\/Tekengebied-1_2.png\" \/>\n<meta name=\"twitter:card\" content=\"summary_large_image\" \/>\n<meta name=\"twitter:label1\" content=\"Est. reading time\" \/>\n\t<meta name=\"twitter:data1\" content=\"3 minutes\" \/>\n<script type=\"application\/ld+json\" class=\"yoast-schema-graph\">{\"@context\":\"https:\\\/\\\/schema.org\",\"@graph\":[{\"@type\":\"WebPage\",\"@id\":\"https:\\\/\\\/arthrosamid.be\\\/en\\\/healthcare-providers\\\/\",\"url\":\"https:\\\/\\\/arthrosamid.be\\\/en\\\/healthcare-providers\\\/\",\"name\":\"healthcare providers - Behandeling knieartrose ARTHROSAMID Injectie\",\"isPartOf\":{\"@id\":\"https:\\\/\\\/arthrosamid.be\\\/en\\\/#website\"},\"primaryImageOfPage\":{\"@id\":\"https:\\\/\\\/arthrosamid.be\\\/en\\\/healthcare-providers\\\/#primaryimage\"},\"image\":{\"@id\":\"https:\\\/\\\/arthrosamid.be\\\/en\\\/healthcare-providers\\\/#primaryimage\"},\"thumbnailUrl\":\"https:\\\/\\\/arthrosamid.be\\\/wp-content\\\/uploads\\\/2025\\\/05\\\/Tekengebied-1_2.png\",\"datePublished\":\"2025-05-20T07:42:11+00:00\",\"dateModified\":\"2026-01-22T09:16:41+00:00\",\"description\":\"Discover Arthrosamid: an innovative treatment for osteoarthritis that provides long-term pain relief and improved mobility. Information for caregivers.\",\"breadcrumb\":{\"@id\":\"https:\\\/\\\/arthrosamid.be\\\/en\\\/healthcare-providers\\\/#breadcrumb\"},\"inLanguage\":\"en-US\",\"potentialAction\":[{\"@type\":\"ReadAction\",\"target\":[\"https:\\\/\\\/arthrosamid.be\\\/en\\\/healthcare-providers\\\/\"]}]},{\"@type\":\"ImageObject\",\"inLanguage\":\"en-US\",\"@id\":\"https:\\\/\\\/arthrosamid.be\\\/en\\\/healthcare-providers\\\/#primaryimage\",\"url\":\"https:\\\/\\\/arthrosamid.be\\\/wp-content\\\/uploads\\\/2025\\\/05\\\/Tekengebied-1_2.png\",\"contentUrl\":\"https:\\\/\\\/arthrosamid.be\\\/wp-content\\\/uploads\\\/2025\\\/05\\\/Tekengebied-1_2.png\"},{\"@type\":\"BreadcrumbList\",\"@id\":\"https:\\\/\\\/arthrosamid.be\\\/en\\\/healthcare-providers\\\/#breadcrumb\",\"itemListElement\":[{\"@type\":\"ListItem\",\"position\":1,\"name\":\"Home\",\"item\":\"https:\\\/\\\/arthrosamid.be\\\/en\\\/patients\\\/\"},{\"@type\":\"ListItem\",\"position\":2,\"name\":\"healthcare providers\"}]},{\"@type\":\"WebSite\",\"@id\":\"https:\\\/\\\/arthrosamid.be\\\/en\\\/#website\",\"url\":\"https:\\\/\\\/arthrosamid.be\\\/en\\\/\",\"name\":\"Behandeling knieartrose ARTHROSAMID Injectie\",\"description\":\"Een veilige behandeling van knieartrose zonder operatie\",\"publisher\":{\"@id\":\"https:\\\/\\\/arthrosamid.be\\\/en\\\/#organization\"},\"potentialAction\":[{\"@type\":\"SearchAction\",\"target\":{\"@type\":\"EntryPoint\",\"urlTemplate\":\"https:\\\/\\\/arthrosamid.be\\\/en\\\/?s={search_term_string}\"},\"query-input\":{\"@type\":\"PropertyValueSpecification\",\"valueRequired\":true,\"valueName\":\"search_term_string\"}}],\"inLanguage\":\"en-US\"},{\"@type\":\"Organization\",\"@id\":\"https:\\\/\\\/arthrosamid.be\\\/en\\\/#organization\",\"name\":\"Arthrosamid powered by Supportho Medical\",\"url\":\"https:\\\/\\\/arthrosamid.be\\\/en\\\/\",\"logo\":{\"@type\":\"ImageObject\",\"inLanguage\":\"en-US\",\"@id\":\"https:\\\/\\\/arthrosamid.be\\\/en\\\/#\\\/schema\\\/logo\\\/image\\\/\",\"url\":\"https:\\\/\\\/arthrosamid.be\\\/wp-content\\\/uploads\\\/2025\\\/05\\\/Arthrosamid-logo.png\",\"contentUrl\":\"https:\\\/\\\/arthrosamid.be\\\/wp-content\\\/uploads\\\/2025\\\/05\\\/Arthrosamid-logo.png\",\"width\":517,\"height\":162,\"caption\":\"Arthrosamid powered by Supportho Medical\"},\"image\":{\"@id\":\"https:\\\/\\\/arthrosamid.be\\\/en\\\/#\\\/schema\\\/logo\\\/image\\\/\"}}]}<\/script>\n<!-- \/ Yoast SEO plugin. -->","yoast_head_json":{"title":"healthcare providers - Behandeling knieartrose ARTHROSAMID Injectie","description":"Discover Arthrosamid: an innovative treatment for osteoarthritis that provides long-term pain relief and improved mobility. Information for caregivers.","robots":{"index":"index","follow":"follow","max-snippet":"max-snippet:-1","max-image-preview":"max-image-preview:large","max-video-preview":"max-video-preview:-1"},"canonical":"https:\/\/arthrosamid.be\/en\/healthcare-providers\/","og_locale":"en_US","og_type":"article","og_title":"healthcare providers - Behandeling knieartrose ARTHROSAMID Injectie","og_description":"Discover Arthrosamid: an innovative treatment for osteoarthritis that provides long-term pain relief and improved mobility. Information for caregivers.","og_url":"https:\/\/arthrosamid.be\/en\/healthcare-providers\/","og_site_name":"Behandeling knieartrose ARTHROSAMID Injectie","article_modified_time":"2026-01-22T09:16:41+00:00","og_image":[{"url":"https:\/\/arthrosamid.be\/wp-content\/uploads\/2025\/05\/Tekengebied-1_2.png","type":"","width":"","height":""}],"twitter_card":"summary_large_image","twitter_misc":{"Est. reading time":"3 minutes"},"schema":{"@context":"https:\/\/schema.org","@graph":[{"@type":"WebPage","@id":"https:\/\/arthrosamid.be\/en\/healthcare-providers\/","url":"https:\/\/arthrosamid.be\/en\/healthcare-providers\/","name":"healthcare providers - Behandeling knieartrose ARTHROSAMID Injectie","isPartOf":{"@id":"https:\/\/arthrosamid.be\/en\/#website"},"primaryImageOfPage":{"@id":"https:\/\/arthrosamid.be\/en\/healthcare-providers\/#primaryimage"},"image":{"@id":"https:\/\/arthrosamid.be\/en\/healthcare-providers\/#primaryimage"},"thumbnailUrl":"https:\/\/arthrosamid.be\/wp-content\/uploads\/2025\/05\/Tekengebied-1_2.png","datePublished":"2025-05-20T07:42:11+00:00","dateModified":"2026-01-22T09:16:41+00:00","description":"Discover Arthrosamid: an innovative treatment for osteoarthritis that provides long-term pain relief and improved mobility. Information for caregivers.","breadcrumb":{"@id":"https:\/\/arthrosamid.be\/en\/healthcare-providers\/#breadcrumb"},"inLanguage":"en-US","potentialAction":[{"@type":"ReadAction","target":["https:\/\/arthrosamid.be\/en\/healthcare-providers\/"]}]},{"@type":"ImageObject","inLanguage":"en-US","@id":"https:\/\/arthrosamid.be\/en\/healthcare-providers\/#primaryimage","url":"https:\/\/arthrosamid.be\/wp-content\/uploads\/2025\/05\/Tekengebied-1_2.png","contentUrl":"https:\/\/arthrosamid.be\/wp-content\/uploads\/2025\/05\/Tekengebied-1_2.png"},{"@type":"BreadcrumbList","@id":"https:\/\/arthrosamid.be\/en\/healthcare-providers\/#breadcrumb","itemListElement":[{"@type":"ListItem","position":1,"name":"Home","item":"https:\/\/arthrosamid.be\/en\/patients\/"},{"@type":"ListItem","position":2,"name":"healthcare providers"}]},{"@type":"WebSite","@id":"https:\/\/arthrosamid.be\/en\/#website","url":"https:\/\/arthrosamid.be\/en\/","name":"Behandeling knieartrose ARTHROSAMID Injectie","description":"Een veilige behandeling van knieartrose zonder operatie","publisher":{"@id":"https:\/\/arthrosamid.be\/en\/#organization"},"potentialAction":[{"@type":"SearchAction","target":{"@type":"EntryPoint","urlTemplate":"https:\/\/arthrosamid.be\/en\/?s={search_term_string}"},"query-input":{"@type":"PropertyValueSpecification","valueRequired":true,"valueName":"search_term_string"}}],"inLanguage":"en-US"},{"@type":"Organization","@id":"https:\/\/arthrosamid.be\/en\/#organization","name":"Arthrosamid powered by Supportho Medical","url":"https:\/\/arthrosamid.be\/en\/","logo":{"@type":"ImageObject","inLanguage":"en-US","@id":"https:\/\/arthrosamid.be\/en\/#\/schema\/logo\/image\/","url":"https:\/\/arthrosamid.be\/wp-content\/uploads\/2025\/05\/Arthrosamid-logo.png","contentUrl":"https:\/\/arthrosamid.be\/wp-content\/uploads\/2025\/05\/Arthrosamid-logo.png","width":517,"height":162,"caption":"Arthrosamid powered by Supportho Medical"},"image":{"@id":"https:\/\/arthrosamid.be\/en\/#\/schema\/logo\/image\/"}}]}},"_links":{"self":[{"href":"https:\/\/arthrosamid.be\/en\/wp-json\/wp\/v2\/pages\/5718","targetHints":{"allow":["GET"]}}],"collection":[{"href":"https:\/\/arthrosamid.be\/en\/wp-json\/wp\/v2\/pages"}],"about":[{"href":"https:\/\/arthrosamid.be\/en\/wp-json\/wp\/v2\/types\/page"}],"author":[{"embeddable":true,"href":"https:\/\/arthrosamid.be\/en\/wp-json\/wp\/v2\/users\/1"}],"replies":[{"embeddable":true,"href":"https:\/\/arthrosamid.be\/en\/wp-json\/wp\/v2\/comments?post=5718"}],"version-history":[{"count":11,"href":"https:\/\/arthrosamid.be\/en\/wp-json\/wp\/v2\/pages\/5718\/revisions"}],"predecessor-version":[{"id":6410,"href":"https:\/\/arthrosamid.be\/en\/wp-json\/wp\/v2\/pages\/5718\/revisions\/6410"}],"wp:attachment":[{"href":"https:\/\/arthrosamid.be\/en\/wp-json\/wp\/v2\/media?parent=5718"}],"curies":[{"name":"wp","href":"https:\/\/api.w.org\/{rel}","templated":true}]}}