{"id":5503,"date":"2025-05-21T07:39:47","date_gmt":"2025-05-21T07:39:47","guid":{"rendered":"https:\/\/arthrosamid.be\/les-patients\/arthrose\/"},"modified":"2025-08-12T09:29:38","modified_gmt":"2025-08-12T09:29:38","slug":"arthrose","status":"publish","type":"page","link":"https:\/\/arthrosamid.be\/fr\/les-patients\/arthrose\/","title":{"rendered":"Arthrose"},"content":{"rendered":"\t\t<div data-elementor-type=\"wp-page\" data-elementor-id=\"5503\" class=\"elementor elementor-5503 elementor-98\" data-elementor-post-type=\"page\">\n\t\t\t\t<div class=\"elementor-element elementor-element-4ed09ec e-flex e-con-boxed e-con e-parent\" data-id=\"4ed09ec\" data-element_type=\"container\" data-e-type=\"container\" data-settings=\"{&quot;background_background&quot;:&quot;classic&quot;}\">\n\t\t\t\t\t<div class=\"e-con-inner\">\n\t\t<div class=\"elementor-element elementor-element-ad6be1b e-flex e-con-boxed e-con e-child\" data-id=\"ad6be1b\" data-element_type=\"container\" data-e-type=\"container\" data-settings=\"{&quot;background_background&quot;:&quot;classic&quot;}\">\n\t\t\t\t\t<div class=\"e-con-inner\">\n\t\t<div class=\"elementor-element elementor-element-dd9c607 e-con-full e-flex e-con e-child\" data-id=\"dd9c607\" data-element_type=\"container\" data-e-type=\"container\">\n\t\t\t\t<div class=\"elementor-element elementor-element-b05b558 elementor-widget elementor-widget-heading\" data-id=\"b05b558\" data-element_type=\"widget\" data-e-type=\"widget\" data-widget_type=\"heading.default\">\n\t\t\t\t<div class=\"elementor-widget-container\">\n\t\t\t\t\t<h1 class=\"elementor-heading-title elementor-size-default\">Qu'est-ce que l'arthrose ?<\/h1>\t\t\t\t<\/div>\n\t\t\t\t<\/div>\n\t\t\t\t<div class=\"elementor-element elementor-element-822be7d elementor-widget elementor-widget-text-editor\" data-id=\"822be7d\" data-element_type=\"widget\" data-e-type=\"widget\" data-widget_type=\"text-editor.default\">\n\t\t\t\t<div class=\"elementor-widget-container\">\n\t\t\t\t\t\t\t\t\t<p>L&rsquo;arthrose est une affection complexe caract\u00e9ris\u00e9e par l&rsquo;usure du cartilage et l&rsquo;inflammation de l&rsquo;articulation. Dans une articulation saine, le tissu synovial (la paroi interne du genou) joue un r\u00f4le crucial. Ce tissu produit le liquide synovial, qui lubrifie l&rsquo;articulation, absorbe les chocs et fournit des nutriments au cartilage. Le cartilage lui-m\u00eame agit comme un amortisseur naturel.     <\/p><p>Dans l&rsquo;arthrose, le cartilage est endommag\u00e9 et, en raison de l&rsquo;inflammation, la capsule articulaire ne fonctionne pas correctement et produit un liquide articulaire de moins bonne qualit\u00e9.  <span style=\"letter-spacing: 0.01em;\">Cela conduit \u00e0 :<\/span><\/p><ul><li>Production excessive ou r\u00e9duite de liquide synovial.<\/li><li>Une diminution de la qualit\u00e9 du liquide, qui acc\u00e9l\u00e8re l&rsquo;usure du cartilage.<\/li><li>Inflammation provoquant des douleurs, des gonflements et des raideurs.<\/li><\/ul><p><span style=\"letter-spacing: 0.01em;\">Dans les cas graves (arthrose de grade 4), les extr\u00e9mit\u00e9s osseuses du genou peuvent frotter directement l&rsquo;une contre l&rsquo;autre, ce qui entra\u00eene des bruits tels que des grincements ou des claquements.<\/span><\/p>\t\t\t\t\t\t\t\t<\/div>\n\t\t\t\t<\/div>\n\t\t\t\t<\/div>\n\t\t<div class=\"elementor-element elementor-element-50544ec e-con-full e-flex e-con e-child\" data-id=\"50544ec\" data-element_type=\"container\" data-e-type=\"container\" data-settings=\"{&quot;background_background&quot;:&quot;classic&quot;}\">\n\t\t\t\t<div class=\"elementor-element elementor-element-9d0f449 elementor-widget elementor-widget-image\" data-id=\"9d0f449\" data-element_type=\"widget\" data-e-type=\"widget\" data-widget_type=\"image.default\">\n\t\t\t\t<div class=\"elementor-widget-container\">\n\t\t\t\t\t\t\t\t\t\t\t\t\t\t\t<img fetchpriority=\"high\" decoding=\"async\" width=\"800\" height=\"759\" src=\"https:\/\/arthrosamid.be\/wp-content\/uploads\/2025\/08\/knee-compare-nl.webp\" class=\"attachment-large size-large wp-image-5425\" alt=\"\" srcset=\"https:\/\/arthrosamid.be\/wp-content\/uploads\/2025\/08\/knee-compare-nl.webp 1000w, https:\/\/arthrosamid.be\/wp-content\/uploads\/2025\/08\/knee-compare-nl-300x285.webp 300w, https:\/\/arthrosamid.be\/wp-content\/uploads\/2025\/08\/knee-compare-nl-768x729.webp 768w\" sizes=\"(max-width: 800px) 100vw, 800px\" \/>\t\t\t\t\t\t\t\t\t\t\t\t\t\t\t<\/div>\n\t\t\t\t<\/div>\n\t\t\t\t<\/div>\n\t\t\t\t\t<\/div>\n\t\t\t\t<\/div>\n\t\t\t\t\t<\/div>\n\t\t\t\t<\/div>\n\t\t<div class=\"elementor-element elementor-element-9ab6d06 e-flex e-con-boxed e-con e-parent\" data-id=\"9ab6d06\" data-element_type=\"container\" data-e-type=\"container\">\n\t\t\t\t\t<div class=\"e-con-inner\">\n\t\t<div class=\"elementor-element elementor-element-9ecac51 e-con-full e-flex e-con e-child\" data-id=\"9ecac51\" data-element_type=\"container\" data-e-type=\"container\" data-settings=\"{&quot;background_background&quot;:&quot;classic&quot;}\">\n\t\t<div class=\"elementor-element elementor-element-8e9b23e e-con-full e-flex e-con e-child\" data-id=\"8e9b23e\" data-element_type=\"container\" data-e-type=\"container\" data-settings=\"{&quot;background_background&quot;:&quot;classic&quot;}\">\n\t\t\t\t<\/div>\n\t\t<div class=\"elementor-element elementor-element-1627162 e-con-full e-flex e-con e-child\" data-id=\"1627162\" data-element_type=\"container\" data-e-type=\"container\">\n\t\t\t\t<div class=\"elementor-element elementor-element-00a850a elementor-widget elementor-widget-heading\" data-id=\"00a850a\" data-element_type=\"widget\" data-e-type=\"widget\" data-widget_type=\"heading.default\">\n\t\t\t\t<div class=\"elementor-widget-container\">\n\t\t\t\t\t<h2 class=\"elementor-heading-title elementor-size-default\">Causes de l'arthrose<\/h2>\t\t\t\t<\/div>\n\t\t\t\t<\/div>\n\t\t\t\t<div class=\"elementor-element elementor-element-39f5f2d elementor-widget elementor-widget-text-editor\" data-id=\"39f5f2d\" data-element_type=\"widget\" data-e-type=\"widget\" data-widget_type=\"text-editor.default\">\n\t\t\t\t<div class=\"elementor-widget-container\">\n\t\t\t\t\t\t\t\t\t<p>Bien que l&rsquo;arthrose soit souvent associ\u00e9e \u00e0 la vieillesse, d&rsquo;autres facteurs de risque peuvent y contribuer, tels que<\/p>\n<ul>\n<li>Surmenage ou positions osseuses anormales : Par exemple, les jambes en O ou en X.<\/li>\n<li>Utilisation de m\u00e9dicaments : par exemple, utilisation \u00e0 long terme de corticost\u00e9ro\u00efdes.<\/li>\n<li>Troubles : Les rhumatismes peuvent provoquer de l&rsquo;arthrose.<\/li>\n<li>Blessure : par exemple, en raison d&rsquo;une fracture de l&rsquo;articulation du genou. L\u00e9sion du m\u00e9nisque ou du ligament crois\u00e9 dans le pass\u00e9. <\/li>\n<li>Surcharge pond\u00e9rale<\/li>\n<li>Trop peu d&rsquo;exercice<\/li>\n<\/ul>\t\t\t\t\t\t\t\t<\/div>\n\t\t\t\t<\/div>\n\t\t\t\t<div class=\"elementor-element elementor-element-43b0139 elementor-widget elementor-widget-heading\" data-id=\"43b0139\" data-element_type=\"widget\" data-e-type=\"widget\" data-widget_type=\"heading.default\">\n\t\t\t\t<div class=\"elementor-widget-container\">\n\t\t\t\t\t<h2 class=\"elementor-heading-title elementor-size-default\">Plaintes relatives \u00e0 l'arthrose<\/h2>\t\t\t\t<\/div>\n\t\t\t\t<\/div>\n\t\t\t\t<div class=\"elementor-element elementor-element-7a90465 elementor-widget elementor-widget-text-editor\" data-id=\"7a90465\" data-element_type=\"widget\" data-e-type=\"widget\" data-widget_type=\"text-editor.default\">\n\t\t\t\t<div class=\"elementor-widget-container\">\n\t\t\t\t\t\t\t\t\t<p>Les sympt\u00f4mes de l&rsquo;arthrose du genou varient en fonction de la gravit\u00e9 et de la localisation de l&rsquo;usure. Les sympt\u00f4mes les plus courants sont les suivants <br><\/p>\n<ul>\n<li>Douleur : Douleur nocturne ou douleur apr\u00e8s une position assise prolong\u00e9e.<\/li>\n<li>Plaintes li\u00e9es au mouvement : Douleur en montant les escaliers, en se levant d&rsquo;une chaise ou en s&rsquo;accroupissant.<\/li>\n<li>Gonflement : genou \u00e9pais et chaud au toucher d\u00fb \u00e0 l&rsquo;inflammation.<\/li>\n<li>Changement de position : le genou peut changer de position, par exemple en devenant plus incurv\u00e9.<\/li>\n<li>Bruit lors des mouvements : sensation de grincement ou de raclement lors des mouvements.<\/li>\n<li>Raideur : difficult\u00e9 \u00e0 plier et \u00e0 \u00e9tirer le genou.<\/li>\n<li>Instabilit\u00e9 : sensation d&rsquo;enfoncement du genou.<\/li>\n<\/ul>\n<p><br><\/p><p>Les patients ressentent souvent une douleur croissante lors de mouvements tels que la marche, la mont\u00e9e d&rsquo;escaliers et la station debout prolong\u00e9e. Le cyclisme, en revanche, provoque moins de sympt\u00f4mes dans la plupart des cas. <\/p>\t\t\t\t\t\t\t\t<\/div>\n\t\t\t\t<\/div>\n\t\t\t\t<\/div>\n\t\t\t\t<\/div>\n\t\t\t\t\t<\/div>\n\t\t\t\t<\/div>\n\t\t<div class=\"elementor-element elementor-element-34b213e e-flex e-con-boxed e-con e-parent\" data-id=\"34b213e\" data-element_type=\"container\" data-e-type=\"container\">\n\t\t\t\t\t<div class=\"e-con-inner\">\n\t\t<div class=\"elementor-element elementor-element-081e991 e-con-full e-flex e-con e-child\" data-id=\"081e991\" data-element_type=\"container\" data-e-type=\"container\" data-settings=\"{&quot;background_background&quot;:&quot;classic&quot;}\">\n\t\t<div class=\"elementor-element elementor-element-3e2951b e-con-full e-flex e-con e-child\" data-id=\"3e2951b\" data-element_type=\"container\" data-e-type=\"container\">\n\t\t\t\t<div class=\"elementor-element elementor-element-bd50b8d elementor-widget elementor-widget-heading\" data-id=\"bd50b8d\" data-element_type=\"widget\" data-e-type=\"widget\" data-widget_type=\"heading.default\">\n\t\t\t\t<div class=\"elementor-widget-container\">\n\t\t\t\t\t<h2 class=\"elementor-heading-title elementor-size-default\">Options de traitement de l'arthrose du genou<\/h2>\t\t\t\t<\/div>\n\t\t\t\t<\/div>\n\t\t\t\t<div class=\"elementor-element elementor-element-21507b4 elementor-widget elementor-widget-text-editor\" data-id=\"21507b4\" data-element_type=\"widget\" data-e-type=\"widget\" data-widget_type=\"text-editor.default\">\n\t\t\t\t<div class=\"elementor-widget-container\">\n\t\t\t\t\t\t\t\t\t<p>Bien que l&rsquo;arthrose ne puisse pas \u00eatre compl\u00e8tement gu\u00e9rie, il existe plusieurs traitements qui peuvent r\u00e9duire les sympt\u00f4mes et am\u00e9liorer la qualit\u00e9 de vie :<\/p>\n<ol>\n<li><strong>Exercice :<\/strong> un exercice r\u00e9gulier, tel que 8 000 pas par jour ou une heure de v\u00e9lo, contribue \u00e0 am\u00e9liorer la fonction articulaire.<\/li>\n<li><strong>Perte de poids : elle<\/strong> r\u00e9duit le stress sur les genoux et peut ralentir la progression de l&rsquo;arthrose.<\/li>\n<li><strong>M\u00e9dicaments :<\/strong> Le parac\u00e9tamol est un analg\u00e9sique efficace qui pr\u00e9sente peu d&rsquo;effets secondaires.<\/li>\n<li><strong>Th\u00e9rapies par injection :<\/strong>\n<ul>\n<li><strong>Viscosuppl\u00e9mentation (acide hyaluronique) :<\/strong> Pour une meilleure lubrification et absorption des chocs.<\/li>\n<li><strong>PRP (plasma riche en plaquettes, ACP) :<\/strong> pour stimuler la r\u00e9paration des tissus.<\/li><\/ul><\/li>\n<li><strong>Physioth\u00e9rapie ou th\u00e9rapie par l&rsquo;exercice :<\/strong> conseils sur les exercices qui am\u00e9liorent la force musculaire et la flexibilit\u00e9. Demandez \u00e0 votre physioth\u00e9rapeute de vous parler du programme GLA;D. Il s&rsquo;agit d&rsquo;un programme d&rsquo;exercices dont l&rsquo;efficacit\u00e9 a \u00e9t\u00e9 prouv\u00e9e au Danemark. Il s&rsquo;agit d&rsquo;un programme d&rsquo;exercices dont l&rsquo;efficacit\u00e9 a \u00e9t\u00e9 prouv\u00e9e au Danemark.  <\/li>\n<li><strong>Exercices en salle de sport ou \u00e0 domicile :<\/strong> Ils visent \u00e0 renforcer les muscles autour de l&rsquo;articulation du genou.<\/li>\n<\/ol>\t\t\t\t\t\t\t\t<\/div>\n\t\t\t\t<\/div>\n\t\t\t\t<\/div>\n\t\t<div class=\"elementor-element elementor-element-eab2d1a e-con-full e-flex e-con e-child\" data-id=\"eab2d1a\" data-element_type=\"container\" data-e-type=\"container\" data-settings=\"{&quot;background_background&quot;:&quot;classic&quot;}\">\n\t\t\t\t<\/div>\n\t\t\t\t<\/div>\n\t\t\t\t\t<\/div>\n\t\t\t\t<\/div>\n\t\t<div class=\"elementor-element elementor-element-1fb66c8 e-flex e-con-boxed e-con e-parent\" data-id=\"1fb66c8\" data-element_type=\"container\" data-e-type=\"container\" data-settings=\"{&quot;background_background&quot;:&quot;classic&quot;}\">\n\t\t\t\t\t<div class=\"e-con-inner\">\n\t\t<div class=\"elementor-element elementor-element-c450738 e-con-full e-flex e-con e-child\" data-id=\"c450738\" data-element_type=\"container\" data-e-type=\"container\">\n\t\t\t\t<div class=\"elementor-element elementor-element-ffa1767 elementor-widget elementor-widget-heading\" data-id=\"ffa1767\" data-element_type=\"widget\" data-e-type=\"widget\" data-widget_type=\"heading.default\">\n\t\t\t\t<div class=\"elementor-widget-container\">\n\t\t\t\t\t<h2 class=\"elementor-heading-title elementor-size-default\">Conclusion<\/h2>\t\t\t\t<\/div>\n\t\t\t\t<\/div>\n\t\t\t\t<div class=\"elementor-element elementor-element-9f7a7ff elementor-widget elementor-widget-text-editor\" data-id=\"9f7a7ff\" data-element_type=\"widget\" data-e-type=\"widget\" data-widget_type=\"text-editor.default\">\n\t\t\t\t<div class=\"elementor-widget-container\">\n\t\t\t\t\t\t\t\t\t<p>L&rsquo;arthrose est une affection progressive qui, en l&rsquo;absence de traitement, peut limiter consid\u00e9rablement la libert\u00e9 de mouvement. Gr\u00e2ce \u00e0 une combinaison de changements de mode de vie, de physioth\u00e9rapie et de m\u00e9thodes de traitement innovantes, il est possible de r\u00e9duire efficacement les sympt\u00f4mes et d&rsquo;am\u00e9liorer la qualit\u00e9 de vie. En cas de doute ou de sympt\u00f4mes persistants, il est conseill\u00e9 de consulter un sp\u00e9cialiste.  <\/p>\t\t\t\t\t\t\t\t<\/div>\n\t\t\t\t<\/div>\n\t\t<div class=\"elementor-element elementor-element-52f2525 e-con-full e-flex e-con e-child\" data-id=\"52f2525\" data-element_type=\"container\" data-e-type=\"container\">\n\t\t\t\t<div class=\"elementor-element elementor-element-5102bf3 elementor-widget elementor-widget-button\" data-id=\"5102bf3\" data-element_type=\"widget\" data-e-type=\"widget\" data-widget_type=\"button.default\">\n\t\t\t\t<div class=\"elementor-widget-container\">\n\t\t\t\t\t\t\t\t\t<div class=\"elementor-button-wrapper\">\n\t\t\t\t\t<a class=\"elementor-button elementor-button-link elementor-size-sm\" href=\"https:\/\/arthrosamid.be\/fr\/les-patients\/notre-solution\/\">\n\t\t\t\t\t\t<span class=\"elementor-button-content-wrapper\">\n\t\t\t\t\t\t\t\t\t<span class=\"elementor-button-text\">D\u00e9couvrez comment Arthrosamid\u00ae agit<\/span>\n\t\t\t\t\t<\/span>\n\t\t\t\t\t<\/a>\n\t\t\t\t<\/div>\n\t\t\t\t\t\t\t\t<\/div>\n\t\t\t\t<\/div>\n\t\t\t\t<div class=\"elementor-element elementor-element-453c9ed elementor-widget elementor-widget-button\" data-id=\"453c9ed\" data-element_type=\"widget\" data-e-type=\"widget\" data-widget_type=\"button.default\">\n\t\t\t\t<div class=\"elementor-widget-container\">\n\t\t\t\t\t\t\t\t\t<div class=\"elementor-button-wrapper\">\n\t\t\t\t\t<a class=\"elementor-button elementor-button-link elementor-size-sm\" href=\"https:\/\/arthrosamid.be\/fr\/les-patients\/traitement\/\">\n\t\t\t\t\t\t<span class=\"elementor-button-content-wrapper\">\n\t\t\t\t\t\t\t\t\t<span class=\"elementor-button-text\">Proc\u00e9dure de traitement avec Arthrosamid\u00ae<\/span>\n\t\t\t\t\t<\/span>\n\t\t\t\t\t<\/a>\n\t\t\t\t<\/div>\n\t\t\t\t\t\t\t\t<\/div>\n\t\t\t\t<\/div>\n\t\t\t\t<\/div>\n\t\t\t\t<\/div>\n\t\t\t\t\t<\/div>\n\t\t\t\t<\/div>\n\t\t\t\t<\/div>\n\t\t","protected":false},"excerpt":{"rendered":"<p>Qu&rsquo;est-ce que l&rsquo;arthrose ? L&rsquo;arthrose est une affection complexe caract\u00e9ris\u00e9e par l&rsquo;usure du cartilage et l&rsquo;inflammation de l&rsquo;articulation. Dans une articulation saine, le tissu synovial (la paroi interne du genou) joue un r\u00f4le crucial. Ce tissu produit le liquide synovial, qui lubrifie l&rsquo;articulation, absorbe les chocs et fournit des nutriments au cartilage. Le cartilage lui-m\u00eame [&hellip;]<\/p>\n","protected":false},"author":1,"featured_media":0,"parent":5477,"menu_order":0,"comment_status":"closed","ping_status":"closed","template":"elementor_header_footer","meta":{"iawp_total_views":81,"footnotes":""},"class_list":["post-5503","page","type-page","status-publish","hentry"],"yoast_head":"<!-- This site is optimized with the Yoast SEO plugin v27.5 - https:\/\/yoast.com\/product\/yoast-seo-wordpress\/ -->\n<title>Arthrose - Behandeling knieartrose ARTHROSAMID Injectie<\/title>\n<meta name=\"description\" content=\"L&#039;arthrose est une usure et une inflammation du cartilage de l&#039;articulation. D\u00e9couvrez les causes, les sympt\u00f4mes et les traitements de l&#039;arthrose du genou, de la hanche et d&#039;autres articulations.a\" \/>\n<meta name=\"robots\" content=\"index, follow, max-snippet:-1, max-image-preview:large, max-video-preview:-1\" \/>\n<link rel=\"canonical\" href=\"https:\/\/arthrosamid.be\/fr\/les-patients\/arthrose\/\" \/>\n<meta property=\"og:locale\" content=\"fr_FR\" \/>\n<meta property=\"og:type\" content=\"article\" \/>\n<meta property=\"og:title\" content=\"Arthrose - Behandeling knieartrose ARTHROSAMID Injectie\" \/>\n<meta property=\"og:description\" content=\"L&#039;arthrose est une usure et une inflammation du cartilage de l&#039;articulation. D\u00e9couvrez les causes, les sympt\u00f4mes et les traitements de l&#039;arthrose du genou, de la hanche et d&#039;autres articulations.a\" \/>\n<meta property=\"og:url\" content=\"https:\/\/arthrosamid.be\/fr\/les-patients\/arthrose\/\" \/>\n<meta property=\"og:site_name\" content=\"Behandeling knieartrose ARTHROSAMID Injectie\" \/>\n<meta property=\"article:modified_time\" content=\"2025-08-12T09:29:38+00:00\" \/>\n<meta property=\"og:image\" content=\"https:\/\/arthrosamid.be\/wp-content\/uploads\/2025\/08\/knee-compare-nl.webp\" \/>\n\t<meta property=\"og:image:width\" content=\"1000\" \/>\n\t<meta property=\"og:image:height\" content=\"949\" \/>\n\t<meta property=\"og:image:type\" content=\"image\/webp\" \/>\n<meta name=\"twitter:card\" content=\"summary_large_image\" \/>\n<meta name=\"twitter:label1\" content=\"Dur\u00e9e de lecture estim\u00e9e\" \/>\n\t<meta name=\"twitter:data1\" content=\"4 minutes\" \/>\n<script type=\"application\/ld+json\" class=\"yoast-schema-graph\">{\"@context\":\"https:\\\/\\\/schema.org\",\"@graph\":[{\"@type\":\"WebPage\",\"@id\":\"https:\\\/\\\/arthrosamid.be\\\/fr\\\/les-patients\\\/arthrose\\\/\",\"url\":\"https:\\\/\\\/arthrosamid.be\\\/fr\\\/les-patients\\\/arthrose\\\/\",\"name\":\"Arthrose - Behandeling knieartrose ARTHROSAMID Injectie\",\"isPartOf\":{\"@id\":\"https:\\\/\\\/arthrosamid.be\\\/fr\\\/#website\"},\"primaryImageOfPage\":{\"@id\":\"https:\\\/\\\/arthrosamid.be\\\/fr\\\/les-patients\\\/arthrose\\\/#primaryimage\"},\"image\":{\"@id\":\"https:\\\/\\\/arthrosamid.be\\\/fr\\\/les-patients\\\/arthrose\\\/#primaryimage\"},\"thumbnailUrl\":\"https:\\\/\\\/arthrosamid.be\\\/wp-content\\\/uploads\\\/2025\\\/08\\\/knee-compare-nl.webp\",\"datePublished\":\"2025-05-21T07:39:47+00:00\",\"dateModified\":\"2025-08-12T09:29:38+00:00\",\"description\":\"L'arthrose est une usure et une inflammation du cartilage de l'articulation. D\u00e9couvrez les causes, les sympt\u00f4mes et les traitements de l'arthrose du genou, de la hanche et d'autres articulations.a\",\"breadcrumb\":{\"@id\":\"https:\\\/\\\/arthrosamid.be\\\/fr\\\/les-patients\\\/arthrose\\\/#breadcrumb\"},\"inLanguage\":\"fr-FR\",\"potentialAction\":[{\"@type\":\"ReadAction\",\"target\":[\"https:\\\/\\\/arthrosamid.be\\\/fr\\\/les-patients\\\/arthrose\\\/\"]}]},{\"@type\":\"ImageObject\",\"inLanguage\":\"fr-FR\",\"@id\":\"https:\\\/\\\/arthrosamid.be\\\/fr\\\/les-patients\\\/arthrose\\\/#primaryimage\",\"url\":\"https:\\\/\\\/arthrosamid.be\\\/wp-content\\\/uploads\\\/2025\\\/08\\\/knee-compare-nl.webp\",\"contentUrl\":\"https:\\\/\\\/arthrosamid.be\\\/wp-content\\\/uploads\\\/2025\\\/08\\\/knee-compare-nl.webp\"},{\"@type\":\"BreadcrumbList\",\"@id\":\"https:\\\/\\\/arthrosamid.be\\\/fr\\\/les-patients\\\/arthrose\\\/#breadcrumb\",\"itemListElement\":[{\"@type\":\"ListItem\",\"position\":1,\"name\":\"Home\",\"item\":\"https:\\\/\\\/arthrosamid.be\\\/fr\\\/les-patients\\\/\"},{\"@type\":\"ListItem\",\"position\":2,\"name\":\"Les patients\",\"item\":\"https:\\\/\\\/arthrosamid.be\\\/fr\\\/les-patients\\\/\"},{\"@type\":\"ListItem\",\"position\":3,\"name\":\"Arthrose\"}]},{\"@type\":\"WebSite\",\"@id\":\"https:\\\/\\\/arthrosamid.be\\\/fr\\\/#website\",\"url\":\"https:\\\/\\\/arthrosamid.be\\\/fr\\\/\",\"name\":\"Behandeling knieartrose ARTHROSAMID Injectie\",\"description\":\"Een veilige behandeling van knieartrose zonder operatie\",\"publisher\":{\"@id\":\"https:\\\/\\\/arthrosamid.be\\\/fr\\\/#organization\"},\"potentialAction\":[{\"@type\":\"SearchAction\",\"target\":{\"@type\":\"EntryPoint\",\"urlTemplate\":\"https:\\\/\\\/arthrosamid.be\\\/fr\\\/?s={search_term_string}\"},\"query-input\":{\"@type\":\"PropertyValueSpecification\",\"valueRequired\":true,\"valueName\":\"search_term_string\"}}],\"inLanguage\":\"fr-FR\"},{\"@type\":\"Organization\",\"@id\":\"https:\\\/\\\/arthrosamid.be\\\/fr\\\/#organization\",\"name\":\"Arthrosamid powered by Supportho Medical\",\"url\":\"https:\\\/\\\/arthrosamid.be\\\/fr\\\/\",\"logo\":{\"@type\":\"ImageObject\",\"inLanguage\":\"fr-FR\",\"@id\":\"https:\\\/\\\/arthrosamid.be\\\/fr\\\/#\\\/schema\\\/logo\\\/image\\\/\",\"url\":\"https:\\\/\\\/arthrosamid.be\\\/wp-content\\\/uploads\\\/2025\\\/05\\\/Arthrosamid-logo.png\",\"contentUrl\":\"https:\\\/\\\/arthrosamid.be\\\/wp-content\\\/uploads\\\/2025\\\/05\\\/Arthrosamid-logo.png\",\"width\":517,\"height\":162,\"caption\":\"Arthrosamid powered by Supportho Medical\"},\"image\":{\"@id\":\"https:\\\/\\\/arthrosamid.be\\\/fr\\\/#\\\/schema\\\/logo\\\/image\\\/\"}}]}<\/script>\n<!-- \/ Yoast SEO plugin. -->","yoast_head_json":{"title":"Arthrose - Behandeling knieartrose ARTHROSAMID Injectie","description":"L'arthrose est une usure et une inflammation du cartilage de l'articulation. D\u00e9couvrez les causes, les sympt\u00f4mes et les traitements de l'arthrose du genou, de la hanche et d'autres articulations.a","robots":{"index":"index","follow":"follow","max-snippet":"max-snippet:-1","max-image-preview":"max-image-preview:large","max-video-preview":"max-video-preview:-1"},"canonical":"https:\/\/arthrosamid.be\/fr\/les-patients\/arthrose\/","og_locale":"fr_FR","og_type":"article","og_title":"Arthrose - Behandeling knieartrose ARTHROSAMID Injectie","og_description":"L'arthrose est une usure et une inflammation du cartilage de l'articulation. D\u00e9couvrez les causes, les sympt\u00f4mes et les traitements de l'arthrose du genou, de la hanche et d'autres articulations.a","og_url":"https:\/\/arthrosamid.be\/fr\/les-patients\/arthrose\/","og_site_name":"Behandeling knieartrose ARTHROSAMID Injectie","article_modified_time":"2025-08-12T09:29:38+00:00","og_image":[{"width":1000,"height":949,"url":"https:\/\/arthrosamid.be\/wp-content\/uploads\/2025\/08\/knee-compare-nl.webp","type":"image\/webp"}],"twitter_card":"summary_large_image","twitter_misc":{"Dur\u00e9e de lecture estim\u00e9e":"4 minutes"},"schema":{"@context":"https:\/\/schema.org","@graph":[{"@type":"WebPage","@id":"https:\/\/arthrosamid.be\/fr\/les-patients\/arthrose\/","url":"https:\/\/arthrosamid.be\/fr\/les-patients\/arthrose\/","name":"Arthrose - Behandeling knieartrose ARTHROSAMID Injectie","isPartOf":{"@id":"https:\/\/arthrosamid.be\/fr\/#website"},"primaryImageOfPage":{"@id":"https:\/\/arthrosamid.be\/fr\/les-patients\/arthrose\/#primaryimage"},"image":{"@id":"https:\/\/arthrosamid.be\/fr\/les-patients\/arthrose\/#primaryimage"},"thumbnailUrl":"https:\/\/arthrosamid.be\/wp-content\/uploads\/2025\/08\/knee-compare-nl.webp","datePublished":"2025-05-21T07:39:47+00:00","dateModified":"2025-08-12T09:29:38+00:00","description":"L'arthrose est une usure et une inflammation du cartilage de l'articulation. D\u00e9couvrez les causes, les sympt\u00f4mes et les traitements de l'arthrose du genou, de la hanche et d'autres articulations.a","breadcrumb":{"@id":"https:\/\/arthrosamid.be\/fr\/les-patients\/arthrose\/#breadcrumb"},"inLanguage":"fr-FR","potentialAction":[{"@type":"ReadAction","target":["https:\/\/arthrosamid.be\/fr\/les-patients\/arthrose\/"]}]},{"@type":"ImageObject","inLanguage":"fr-FR","@id":"https:\/\/arthrosamid.be\/fr\/les-patients\/arthrose\/#primaryimage","url":"https:\/\/arthrosamid.be\/wp-content\/uploads\/2025\/08\/knee-compare-nl.webp","contentUrl":"https:\/\/arthrosamid.be\/wp-content\/uploads\/2025\/08\/knee-compare-nl.webp"},{"@type":"BreadcrumbList","@id":"https:\/\/arthrosamid.be\/fr\/les-patients\/arthrose\/#breadcrumb","itemListElement":[{"@type":"ListItem","position":1,"name":"Home","item":"https:\/\/arthrosamid.be\/fr\/les-patients\/"},{"@type":"ListItem","position":2,"name":"Les patients","item":"https:\/\/arthrosamid.be\/fr\/les-patients\/"},{"@type":"ListItem","position":3,"name":"Arthrose"}]},{"@type":"WebSite","@id":"https:\/\/arthrosamid.be\/fr\/#website","url":"https:\/\/arthrosamid.be\/fr\/","name":"Behandeling knieartrose ARTHROSAMID Injectie","description":"Een veilige behandeling van knieartrose zonder operatie","publisher":{"@id":"https:\/\/arthrosamid.be\/fr\/#organization"},"potentialAction":[{"@type":"SearchAction","target":{"@type":"EntryPoint","urlTemplate":"https:\/\/arthrosamid.be\/fr\/?s={search_term_string}"},"query-input":{"@type":"PropertyValueSpecification","valueRequired":true,"valueName":"search_term_string"}}],"inLanguage":"fr-FR"},{"@type":"Organization","@id":"https:\/\/arthrosamid.be\/fr\/#organization","name":"Arthrosamid powered by Supportho Medical","url":"https:\/\/arthrosamid.be\/fr\/","logo":{"@type":"ImageObject","inLanguage":"fr-FR","@id":"https:\/\/arthrosamid.be\/fr\/#\/schema\/logo\/image\/","url":"https:\/\/arthrosamid.be\/wp-content\/uploads\/2025\/05\/Arthrosamid-logo.png","contentUrl":"https:\/\/arthrosamid.be\/wp-content\/uploads\/2025\/05\/Arthrosamid-logo.png","width":517,"height":162,"caption":"Arthrosamid powered by Supportho Medical"},"image":{"@id":"https:\/\/arthrosamid.be\/fr\/#\/schema\/logo\/image\/"}}]}},"_links":{"self":[{"href":"https:\/\/arthrosamid.be\/fr\/wp-json\/wp\/v2\/pages\/5503","targetHints":{"allow":["GET"]}}],"collection":[{"href":"https:\/\/arthrosamid.be\/fr\/wp-json\/wp\/v2\/pages"}],"about":[{"href":"https:\/\/arthrosamid.be\/fr\/wp-json\/wp\/v2\/types\/page"}],"author":[{"embeddable":true,"href":"https:\/\/arthrosamid.be\/fr\/wp-json\/wp\/v2\/users\/1"}],"replies":[{"embeddable":true,"href":"https:\/\/arthrosamid.be\/fr\/wp-json\/wp\/v2\/comments?post=5503"}],"version-history":[{"count":4,"href":"https:\/\/arthrosamid.be\/fr\/wp-json\/wp\/v2\/pages\/5503\/revisions"}],"predecessor-version":[{"id":5644,"href":"https:\/\/arthrosamid.be\/fr\/wp-json\/wp\/v2\/pages\/5503\/revisions\/5644"}],"up":[{"embeddable":true,"href":"https:\/\/arthrosamid.be\/fr\/wp-json\/wp\/v2\/pages\/5477"}],"wp:attachment":[{"href":"https:\/\/arthrosamid.be\/fr\/wp-json\/wp\/v2\/media?parent=5503"}],"curies":[{"name":"wp","href":"https:\/\/api.w.org\/{rel}","templated":true}]}}