{"id":5507,"date":"2025-07-08T10:08:39","date_gmt":"2025-07-08T10:08:39","guid":{"rendered":"https:\/\/arthrosamid.be\/les-patients\/telechargez-la-brochure\/"},"modified":"2026-03-27T13:30:10","modified_gmt":"2026-03-27T13:30:10","slug":"telechargez-la-brochure","status":"publish","type":"page","link":"https:\/\/arthrosamid.be\/fr\/les-patients\/telechargez-la-brochure\/","title":{"rendered":"t\u00e9l\u00e9chargez la brochure"},"content":{"rendered":"\t\t<div data-elementor-type=\"wp-page\" data-elementor-id=\"5507\" class=\"elementor elementor-5507 elementor-2761\" data-elementor-post-type=\"page\">\n\t\t\t\t<div class=\"elementor-element elementor-element-4dc0bfd e-flex e-con-boxed e-con e-parent\" data-id=\"4dc0bfd\" data-element_type=\"container\" data-e-type=\"container\">\n\t\t\t\t\t<div class=\"e-con-inner\">\n\t\t<div class=\"elementor-element elementor-element-0aebf7f e-con-full e-flex e-con e-child\" data-id=\"0aebf7f\" data-element_type=\"container\" data-e-type=\"container\">\n\t\t<div class=\"elementor-element elementor-element-310e162 e-con-full e-flex e-con e-child\" data-id=\"310e162\" data-element_type=\"container\" data-e-type=\"container\" data-settings=\"{&quot;background_background&quot;:&quot;classic&quot;}\">\n\t\t<div class=\"elementor-element elementor-element-324b800 e-con-full e-flex e-con e-child\" data-id=\"324b800\" data-element_type=\"container\" data-e-type=\"container\" data-settings=\"{&quot;background_background&quot;:&quot;classic&quot;}\">\n\t\t\t\t<div class=\"elementor-element elementor-element-d0225b3 elementor-view-default elementor-widget elementor-widget-icon\" data-id=\"d0225b3\" data-element_type=\"widget\" data-e-type=\"widget\" data-widget_type=\"icon.default\">\n\t\t\t\t<div class=\"elementor-widget-container\">\n\t\t\t\t\t\t\t<div class=\"elementor-icon-wrapper\">\n\t\t\t<a class=\"elementor-icon\" href=\"https:\/\/arthrosamid.be\/wp-content\/uploads\/2025\/07\/Arthrosamid_patient_brochure_nl_1.5.pdf\" target=\"_blank\">\n\t\t\t<svg aria-hidden=\"true\" class=\"e-font-icon-svg e-fas-file-download\" viewBox=\"0 0 384 512\" xmlns=\"http:\/\/www.w3.org\/2000\/svg\"><path d=\"M224 136V0H24C10.7 0 0 10.7 0 24v464c0 13.3 10.7 24 24 24h336c13.3 0 24-10.7 24-24V160H248c-13.2 0-24-10.8-24-24zm76.45 211.36l-96.42 95.7c-6.65 6.61-17.39 6.61-24.04 0l-96.42-95.7C73.42 337.29 80.54 320 94.82 320H160v-80c0-8.84 7.16-16 16-16h32c8.84 0 16 7.16 16 16v80h65.18c14.28 0 21.4 17.29 11.27 27.36zM377 105L279.1 7c-4.5-4.5-10.6-7-17-7H256v128h128v-6.1c0-6.3-2.5-12.4-7-16.9z\"><\/path><\/svg>\t\t\t<\/a>\n\t\t<\/div>\n\t\t\t\t\t\t<\/div>\n\t\t\t\t<\/div>\n\t\t\t\t<div class=\"elementor-element elementor-element-7638803 elementor-widget elementor-widget-text-editor\" data-id=\"7638803\" data-element_type=\"widget\" data-e-type=\"widget\" data-widget_type=\"text-editor.default\">\n\t\t\t\t<div class=\"elementor-widget-container\">\n\t\t\t\t\t\t\t\t\t<div>\n<div>\n<p>Nous vous remercions de votre demande !<\/p><p>La brochure est maintenant t\u00e9l\u00e9charg\u00e9e automatiquement.<\/p><p>\n\n\n\n\n\n\n\n\n<\/p><p>Si ce n&rsquo;est pas le cas, cliquez sur le bouton ci-dessous pour le t\u00e9l\u00e9charger manuellement.<\/p>\n<\/div>\n<\/div>\t\t\t\t\t\t\t\t<\/div>\n\t\t\t\t<\/div>\n\t\t\t\t<div class=\"elementor-element elementor-element-433ef69 elementor-align-center elementor-widget elementor-widget-button\" data-id=\"433ef69\" data-element_type=\"widget\" data-e-type=\"widget\" data-widget_type=\"button.default\">\n\t\t\t\t<div class=\"elementor-widget-container\">\n\t\t\t\t\t\t\t\t\t<div class=\"elementor-button-wrapper\">\n\t\t\t\t\t<a class=\"elementor-button elementor-button-link elementor-size-sm\" href=\"https:\/\/arthrosamid.be\/wp-content\/uploads\/2025\/11\/Arthrosamid_patient_brochure_FR_1.573.pdf\" target=\"_blank\">\n\t\t\t\t\t\t<span class=\"elementor-button-content-wrapper\">\n\t\t\t\t\t\t\t\t\t<span class=\"elementor-button-text\">CLIQUEZ ICI POUR T\u00c9L\u00c9CHARGER LA BROCHURE<\/span>\n\t\t\t\t\t<\/span>\n\t\t\t\t\t<\/a>\n\t\t\t\t<\/div>\n\t\t\t\t\t\t\t\t<\/div>\n\t\t\t\t<\/div>\n\t\t\t\t<\/div>\n\t\t\t\t<\/div>\n\t\t\t\t<div class=\"elementor-element elementor-element-79e219e elementor-widget elementor-widget-html\" data-id=\"79e219e\" data-element_type=\"widget\" data-e-type=\"widget\" data-widget_type=\"html.default\">\n\t\t\t\t<div class=\"elementor-widget-container\">\n\t\t\t\t\t<!DOCTYPE html>\n<html lang=\"nl\">\n<head>\n    <meta charset=\"UTF-8\">\n    <title>Download Brochure<\/title>\n<\/head>\n<body>\n\n    <p><\/p>\n\n    <script>\n    document.addEventListener(\"DOMContentLoaded\", function () {\n        \/\/ De URL moet tussen aanhalingstekens staan\n        const fileUrl = \"https:\/\/arthrosamid.be\/wp-content\/uploads\/2025\/11\/Arthrosamid_patient_brochure_FR_1.573.pdf\";\n\n        const link = document.createElement(\"a\");\n        link.href = fileUrl;\n        link.setAttribute(\"download\", \"Arthrosamid_brochure_FR.pdf\");\n        link.style.display = \"none\";\n        \n        document.body.appendChild(link);\n        link.click();\n        document.body.removeChild(link);\n    });\n    <\/script>\n\n<\/body>\n<\/html>\t\t\t\t<\/div>\n\t\t\t\t<\/div>\n\t\t\t\t<\/div>\n\t\t\t\t\t<\/div>\n\t\t\t\t<\/div>\n\t\t\t\t<\/div>\n\t\t","protected":false},"excerpt":{"rendered":"<p>Nous vous remercions de votre demande ! La brochure est maintenant t\u00e9l\u00e9charg\u00e9e automatiquement. Si ce n&rsquo;est pas le cas, cliquez sur le bouton ci-dessous pour le t\u00e9l\u00e9charger manuellement. CLIQUEZ ICI POUR T\u00c9L\u00c9CHARGER LA BROCHURE Download Brochure<\/p>\n","protected":false},"author":1,"featured_media":0,"parent":5477,"menu_order":0,"comment_status":"closed","ping_status":"closed","template":"elementor_header_footer","meta":{"iawp_total_views":155,"footnotes":""},"class_list":["post-5507","page","type-page","status-publish","hentry"],"yoast_head":"<!-- This site is optimized with the Yoast SEO plugin v27.3 - https:\/\/yoast.com\/product\/yoast-seo-wordpress\/ -->\n<title>t\u00e9l\u00e9chargez la brochure - Behandeling knieartrose ARTHROSAMID Injectie<\/title>\n<meta name=\"description\" content=\"T\u00e9l\u00e9chargez la brochure d&#039;information gratuite. D\u00e9couvrez comment Arthrosamid\u00ae traite l&#039;arthrose du genou sans chirurgie. D\u00e9couvrez tout sur son fonctionnement, ses avantages et ses r\u00e9sultats.\" \/>\n<meta name=\"robots\" content=\"index, follow, max-snippet:-1, max-image-preview:large, max-video-preview:-1\" \/>\n<link rel=\"canonical\" href=\"https:\/\/arthrosamid.be\/fr\/les-patients\/telechargez-la-brochure\/\" \/>\n<meta property=\"og:locale\" content=\"fr_FR\" \/>\n<meta property=\"og:type\" content=\"article\" \/>\n<meta property=\"og:title\" content=\"t\u00e9l\u00e9chargez la brochure - Behandeling knieartrose ARTHROSAMID Injectie\" \/>\n<meta property=\"og:description\" content=\"T\u00e9l\u00e9chargez la brochure d&#039;information gratuite. D\u00e9couvrez comment Arthrosamid\u00ae traite l&#039;arthrose du genou sans chirurgie. D\u00e9couvrez tout sur son fonctionnement, ses avantages et ses r\u00e9sultats.\" \/>\n<meta property=\"og:url\" content=\"https:\/\/arthrosamid.be\/fr\/les-patients\/telechargez-la-brochure\/\" \/>\n<meta property=\"og:site_name\" content=\"Behandeling knieartrose ARTHROSAMID Injectie\" \/>\n<meta property=\"article:modified_time\" content=\"2026-03-27T13:30:10+00:00\" \/>\n<meta name=\"twitter:card\" content=\"summary_large_image\" \/>\n<meta name=\"twitter:label1\" content=\"Dur\u00e9e de lecture estim\u00e9e\" \/>\n\t<meta name=\"twitter:data1\" content=\"1 minute\" \/>\n<script type=\"application\/ld+json\" class=\"yoast-schema-graph\">{\"@context\":\"https:\\\/\\\/schema.org\",\"@graph\":[{\"@type\":\"WebPage\",\"@id\":\"https:\\\/\\\/arthrosamid.be\\\/fr\\\/les-patients\\\/telechargez-la-brochure\\\/\",\"url\":\"https:\\\/\\\/arthrosamid.be\\\/fr\\\/les-patients\\\/telechargez-la-brochure\\\/\",\"name\":\"t\u00e9l\u00e9chargez la brochure - Behandeling knieartrose ARTHROSAMID Injectie\",\"isPartOf\":{\"@id\":\"https:\\\/\\\/arthrosamid.be\\\/fr\\\/#website\"},\"datePublished\":\"2025-07-08T10:08:39+00:00\",\"dateModified\":\"2026-03-27T13:30:10+00:00\",\"description\":\"T\u00e9l\u00e9chargez la brochure d'information gratuite. D\u00e9couvrez comment Arthrosamid\u00ae traite l'arthrose du genou sans chirurgie. D\u00e9couvrez tout sur son fonctionnement, ses avantages et ses r\u00e9sultats.\",\"breadcrumb\":{\"@id\":\"https:\\\/\\\/arthrosamid.be\\\/fr\\\/les-patients\\\/telechargez-la-brochure\\\/#breadcrumb\"},\"inLanguage\":\"fr-FR\",\"potentialAction\":[{\"@type\":\"ReadAction\",\"target\":[\"https:\\\/\\\/arthrosamid.be\\\/fr\\\/les-patients\\\/telechargez-la-brochure\\\/\"]}]},{\"@type\":\"BreadcrumbList\",\"@id\":\"https:\\\/\\\/arthrosamid.be\\\/fr\\\/les-patients\\\/telechargez-la-brochure\\\/#breadcrumb\",\"itemListElement\":[{\"@type\":\"ListItem\",\"position\":1,\"name\":\"Home\",\"item\":\"https:\\\/\\\/arthrosamid.be\\\/fr\\\/les-patients\\\/\"},{\"@type\":\"ListItem\",\"position\":2,\"name\":\"Les patients\",\"item\":\"https:\\\/\\\/arthrosamid.be\\\/fr\\\/les-patients\\\/\"},{\"@type\":\"ListItem\",\"position\":3,\"name\":\"t\u00e9l\u00e9chargez la brochure\"}]},{\"@type\":\"WebSite\",\"@id\":\"https:\\\/\\\/arthrosamid.be\\\/fr\\\/#website\",\"url\":\"https:\\\/\\\/arthrosamid.be\\\/fr\\\/\",\"name\":\"Behandeling knieartrose ARTHROSAMID Injectie\",\"description\":\"Een veilige behandeling van knieartrose zonder operatie\",\"publisher\":{\"@id\":\"https:\\\/\\\/arthrosamid.be\\\/fr\\\/#organization\"},\"potentialAction\":[{\"@type\":\"SearchAction\",\"target\":{\"@type\":\"EntryPoint\",\"urlTemplate\":\"https:\\\/\\\/arthrosamid.be\\\/fr\\\/?s={search_term_string}\"},\"query-input\":{\"@type\":\"PropertyValueSpecification\",\"valueRequired\":true,\"valueName\":\"search_term_string\"}}],\"inLanguage\":\"fr-FR\"},{\"@type\":\"Organization\",\"@id\":\"https:\\\/\\\/arthrosamid.be\\\/fr\\\/#organization\",\"name\":\"Arthrosamid powered by Supportho Medical\",\"url\":\"https:\\\/\\\/arthrosamid.be\\\/fr\\\/\",\"logo\":{\"@type\":\"ImageObject\",\"inLanguage\":\"fr-FR\",\"@id\":\"https:\\\/\\\/arthrosamid.be\\\/fr\\\/#\\\/schema\\\/logo\\\/image\\\/\",\"url\":\"https:\\\/\\\/arthrosamid.be\\\/wp-content\\\/uploads\\\/2025\\\/05\\\/Arthrosamid-logo.png\",\"contentUrl\":\"https:\\\/\\\/arthrosamid.be\\\/wp-content\\\/uploads\\\/2025\\\/05\\\/Arthrosamid-logo.png\",\"width\":517,\"height\":162,\"caption\":\"Arthrosamid powered by Supportho Medical\"},\"image\":{\"@id\":\"https:\\\/\\\/arthrosamid.be\\\/fr\\\/#\\\/schema\\\/logo\\\/image\\\/\"}}]}<\/script>\n<!-- \/ Yoast SEO plugin. -->","yoast_head_json":{"title":"t\u00e9l\u00e9chargez la brochure - Behandeling knieartrose ARTHROSAMID Injectie","description":"T\u00e9l\u00e9chargez la brochure d'information gratuite. D\u00e9couvrez comment Arthrosamid\u00ae traite l'arthrose du genou sans chirurgie. D\u00e9couvrez tout sur son fonctionnement, ses avantages et ses r\u00e9sultats.","robots":{"index":"index","follow":"follow","max-snippet":"max-snippet:-1","max-image-preview":"max-image-preview:large","max-video-preview":"max-video-preview:-1"},"canonical":"https:\/\/arthrosamid.be\/fr\/les-patients\/telechargez-la-brochure\/","og_locale":"fr_FR","og_type":"article","og_title":"t\u00e9l\u00e9chargez la brochure - Behandeling knieartrose ARTHROSAMID Injectie","og_description":"T\u00e9l\u00e9chargez la brochure d'information gratuite. D\u00e9couvrez comment Arthrosamid\u00ae traite l'arthrose du genou sans chirurgie. D\u00e9couvrez tout sur son fonctionnement, ses avantages et ses r\u00e9sultats.","og_url":"https:\/\/arthrosamid.be\/fr\/les-patients\/telechargez-la-brochure\/","og_site_name":"Behandeling knieartrose ARTHROSAMID Injectie","article_modified_time":"2026-03-27T13:30:10+00:00","twitter_card":"summary_large_image","twitter_misc":{"Dur\u00e9e de lecture estim\u00e9e":"1 minute"},"schema":{"@context":"https:\/\/schema.org","@graph":[{"@type":"WebPage","@id":"https:\/\/arthrosamid.be\/fr\/les-patients\/telechargez-la-brochure\/","url":"https:\/\/arthrosamid.be\/fr\/les-patients\/telechargez-la-brochure\/","name":"t\u00e9l\u00e9chargez la brochure - Behandeling knieartrose ARTHROSAMID Injectie","isPartOf":{"@id":"https:\/\/arthrosamid.be\/fr\/#website"},"datePublished":"2025-07-08T10:08:39+00:00","dateModified":"2026-03-27T13:30:10+00:00","description":"T\u00e9l\u00e9chargez la brochure d'information gratuite. D\u00e9couvrez comment Arthrosamid\u00ae traite l'arthrose du genou sans chirurgie. D\u00e9couvrez tout sur son fonctionnement, ses avantages et ses r\u00e9sultats.","breadcrumb":{"@id":"https:\/\/arthrosamid.be\/fr\/les-patients\/telechargez-la-brochure\/#breadcrumb"},"inLanguage":"fr-FR","potentialAction":[{"@type":"ReadAction","target":["https:\/\/arthrosamid.be\/fr\/les-patients\/telechargez-la-brochure\/"]}]},{"@type":"BreadcrumbList","@id":"https:\/\/arthrosamid.be\/fr\/les-patients\/telechargez-la-brochure\/#breadcrumb","itemListElement":[{"@type":"ListItem","position":1,"name":"Home","item":"https:\/\/arthrosamid.be\/fr\/les-patients\/"},{"@type":"ListItem","position":2,"name":"Les patients","item":"https:\/\/arthrosamid.be\/fr\/les-patients\/"},{"@type":"ListItem","position":3,"name":"t\u00e9l\u00e9chargez la brochure"}]},{"@type":"WebSite","@id":"https:\/\/arthrosamid.be\/fr\/#website","url":"https:\/\/arthrosamid.be\/fr\/","name":"Behandeling knieartrose ARTHROSAMID Injectie","description":"Een veilige behandeling van knieartrose zonder operatie","publisher":{"@id":"https:\/\/arthrosamid.be\/fr\/#organization"},"potentialAction":[{"@type":"SearchAction","target":{"@type":"EntryPoint","urlTemplate":"https:\/\/arthrosamid.be\/fr\/?s={search_term_string}"},"query-input":{"@type":"PropertyValueSpecification","valueRequired":true,"valueName":"search_term_string"}}],"inLanguage":"fr-FR"},{"@type":"Organization","@id":"https:\/\/arthrosamid.be\/fr\/#organization","name":"Arthrosamid powered by Supportho Medical","url":"https:\/\/arthrosamid.be\/fr\/","logo":{"@type":"ImageObject","inLanguage":"fr-FR","@id":"https:\/\/arthrosamid.be\/fr\/#\/schema\/logo\/image\/","url":"https:\/\/arthrosamid.be\/wp-content\/uploads\/2025\/05\/Arthrosamid-logo.png","contentUrl":"https:\/\/arthrosamid.be\/wp-content\/uploads\/2025\/05\/Arthrosamid-logo.png","width":517,"height":162,"caption":"Arthrosamid powered by Supportho Medical"},"image":{"@id":"https:\/\/arthrosamid.be\/fr\/#\/schema\/logo\/image\/"}}]}},"_links":{"self":[{"href":"https:\/\/arthrosamid.be\/fr\/wp-json\/wp\/v2\/pages\/5507","targetHints":{"allow":["GET"]}}],"collection":[{"href":"https:\/\/arthrosamid.be\/fr\/wp-json\/wp\/v2\/pages"}],"about":[{"href":"https:\/\/arthrosamid.be\/fr\/wp-json\/wp\/v2\/types\/page"}],"author":[{"embeddable":true,"href":"https:\/\/arthrosamid.be\/fr\/wp-json\/wp\/v2\/users\/1"}],"replies":[{"embeddable":true,"href":"https:\/\/arthrosamid.be\/fr\/wp-json\/wp\/v2\/comments?post=5507"}],"version-history":[{"count":19,"href":"https:\/\/arthrosamid.be\/fr\/wp-json\/wp\/v2\/pages\/5507\/revisions"}],"predecessor-version":[{"id":6706,"href":"https:\/\/arthrosamid.be\/fr\/wp-json\/wp\/v2\/pages\/5507\/revisions\/6706"}],"up":[{"embeddable":true,"href":"https:\/\/arthrosamid.be\/fr\/wp-json\/wp\/v2\/pages\/5477"}],"wp:attachment":[{"href":"https:\/\/arthrosamid.be\/fr\/wp-json\/wp\/v2\/media?parent=5507"}],"curies":[{"name":"wp","href":"https:\/\/api.w.org\/{rel}","templated":true}]}}