{"id":5509,"date":"2025-07-08T09:50:48","date_gmt":"2025-07-08T09:50:48","guid":{"rendered":"https:\/\/arthrosamid.be\/les-patients\/telechargez-notre-brochure\/"},"modified":"2026-04-07T09:42:21","modified_gmt":"2026-04-07T09:42:21","slug":"telechargez-notre-brochure","status":"publish","type":"page","link":"https:\/\/arthrosamid.be\/fr\/les-patients\/telechargez-notre-brochure\/","title":{"rendered":"t\u00e9l\u00e9chargez notre brochure"},"content":{"rendered":"\t\t<div data-elementor-type=\"wp-page\" data-elementor-id=\"5509\" class=\"elementor elementor-5509 elementor-2756\" data-elementor-post-type=\"page\">\n\t\t\t\t<div class=\"elementor-element elementor-element-4dc0bfd e-flex e-con-boxed e-con e-parent\" data-id=\"4dc0bfd\" data-element_type=\"container\" data-e-type=\"container\">\n\t\t\t\t\t<div class=\"e-con-inner\">\n\t\t<div class=\"elementor-element elementor-element-0aebf7f e-con-full e-flex e-con e-child\" data-id=\"0aebf7f\" data-element_type=\"container\" data-e-type=\"container\">\n\t\t\t\t<div class=\"elementor-element elementor-element-d1772e4 elementor-widget elementor-widget-heading\" data-id=\"d1772e4\" data-element_type=\"widget\" data-e-type=\"widget\" data-widget_type=\"heading.default\">\n\t\t\t\t<div class=\"elementor-widget-container\">\n\t\t\t\t\t<h1 class=\"elementor-heading-title elementor-size-default\">Tout ce que vous devez savoir sur l'injection d'Arthrosamid\u00ae<\/h1>\t\t\t\t<\/div>\n\t\t\t\t<\/div>\n\t\t\t\t<div class=\"elementor-element elementor-element-2e2ac41 elementor-widget elementor-widget-heading\" data-id=\"2e2ac41\" data-element_type=\"widget\" data-e-type=\"widget\" data-widget_type=\"heading.default\">\n\t\t\t\t<div class=\"elementor-widget-container\">\n\t\t\t\t\t<h2 class=\"elementor-heading-title elementor-size-default\">T\u00e9l\u00e9chargez notre brochure sans engagement<\/h2>\t\t\t\t<\/div>\n\t\t\t\t<\/div>\n\t\t\t\t<div class=\"elementor-element elementor-element-3848889 elementor-widget elementor-widget-text-editor\" data-id=\"3848889\" data-element_type=\"widget\" data-e-type=\"widget\" data-widget_type=\"text-editor.default\">\n\t\t\t\t<div class=\"elementor-widget-container\">\n\t\t\t\t\t\t\t\t\t<p>Entrez votre nom et votre adresse e-mail et vous recevrez la brochure contenant plus d&rsquo;informations sur Arthrosamid\u00ae.<\/p>\t\t\t\t\t\t\t\t<\/div>\n\t\t\t\t<\/div>\n\t\t<div class=\"elementor-element elementor-element-310e162 e-con-full e-flex e-con e-child\" data-id=\"310e162\" data-element_type=\"container\" data-e-type=\"container\" data-settings=\"{&quot;background_background&quot;:&quot;classic&quot;}\">\n\t\t<div class=\"elementor-element elementor-element-453f410 e-con-full e-flex e-con e-child\" data-id=\"453f410\" data-element_type=\"container\" data-e-type=\"container\" data-settings=\"{&quot;background_background&quot;:&quot;classic&quot;}\">\n\t\t\t\t<div class=\"elementor-element elementor-element-cb69de8 elementor-button-align-stretch elementor-widget elementor-widget-form\" data-id=\"cb69de8\" data-element_type=\"widget\" data-e-type=\"widget\" data-settings=\"{&quot;step_next_label&quot;:&quot;Suivant&quot;,&quot;step_previous_label&quot;:&quot;Pr\\u00e9c\\u00e9dent&quot;,&quot;button_width&quot;:&quot;100&quot;,&quot;step_type&quot;:&quot;number_text&quot;,&quot;step_icon_shape&quot;:&quot;circle&quot;}\" data-widget_type=\"form.default\">\n\t\t\t\t<div class=\"elementor-widget-container\">\n\t\t\t\t\t\t\t<form class=\"elementor-form\" method=\"post\" name=\"Nouveau formulaire\" aria-label=\"Nouveau formulaire\">\n\t\t\t<input type=\"hidden\" name=\"post_id\" value=\"5509\"\/>\n\t\t\t<input type=\"hidden\" name=\"form_id\" value=\"cb69de8\"\/>\n\t\t\t<input type=\"hidden\" name=\"referer_title\" value=\"Behandeling knieartrose ARTHROSAMID Injectie\" \/>\n\n\t\t\t\n\t\t\t<div class=\"elementor-form-fields-wrapper elementor-labels-above\">\n\t\t\t\t\t\t\t\t<div class=\"elementor-field-type-text elementor-field-group elementor-column elementor-field-group-name elementor-col-100 elementor-field-required\">\n\t\t\t\t\t\t\t\t\t\t\t\t\t<input size=\"1\" type=\"text\" name=\"form_fields[name]\" id=\"form-field-name\" class=\"elementor-field elementor-size-sm  elementor-field-textual\" placeholder=\"Nom\" required=\"required\">\n\t\t\t\t\t\t\t\t\t\t\t<\/div>\n\t\t\t\t\t\t\t\t<div class=\"elementor-field-type-email elementor-field-group elementor-column elementor-field-group-email elementor-col-100 elementor-field-required\">\n\t\t\t\t\t\t\t\t\t\t\t\t\t<input size=\"1\" type=\"email\" name=\"form_fields[email]\" id=\"form-field-email\" class=\"elementor-field elementor-size-sm  elementor-field-textual\" placeholder=\"Courriel\" required=\"required\">\n\t\t\t\t\t\t\t\t\t\t\t<\/div>\n\t\t\t\t\t\t\t\t<div class=\"elementor-field-group elementor-column elementor-field-type-submit elementor-col-100 e-form__buttons\">\n\t\t\t\t\t<button class=\"elementor-button elementor-size-sm\" type=\"submit\">\n\t\t\t\t\t\t<span class=\"elementor-button-content-wrapper\">\n\t\t\t\t\t\t\t\t\t\t\t\t\t\t\t<span class=\"elementor-button-icon\">\n\t\t\t\t\t\t\t\t\t<svg aria-hidden=\"true\" class=\"e-font-icon-svg e-fas-file-download\" viewBox=\"0 0 384 512\" xmlns=\"http:\/\/www.w3.org\/2000\/svg\"><path d=\"M224 136V0H24C10.7 0 0 10.7 0 24v464c0 13.3 10.7 24 24 24h336c13.3 0 24-10.7 24-24V160H248c-13.2 0-24-10.8-24-24zm76.45 211.36l-96.42 95.7c-6.65 6.61-17.39 6.61-24.04 0l-96.42-95.7C73.42 337.29 80.54 320 94.82 320H160v-80c0-8.84 7.16-16 16-16h32c8.84 0 16 7.16 16 16v80h65.18c14.28 0 21.4 17.29 11.27 27.36zM377 105L279.1 7c-4.5-4.5-10.6-7-17-7H256v128h128v-6.1c0-6.3-2.5-12.4-7-16.9z\"><\/path><\/svg>\t\t\t\t\t\t\t\t\t\t\t\t\t\t\t\t\t<\/span>\n\t\t\t\t\t\t\t\t\t\t\t\t\t\t\t\t\t\t\t\t\t\t<span class=\"elementor-button-text\">T\u00e9l\u00e9chargez la brochure<\/span>\n\t\t\t\t\t\t\t\t\t\t\t\t\t<\/span>\n\t\t\t\t\t<\/button>\n\t\t\t\t<\/div>\n\t\t\t<\/div>\n\t\t<\/form>\n\t\t\t\t\t\t<\/div>\n\t\t\t\t<\/div>\n\t\t\t\t<\/div>\n\t\t\t\t<\/div>\n\t\t\t\t<\/div>\n\t\t\t\t\t<\/div>\n\t\t\t\t<\/div>\n\t\t\t\t<\/div>\n\t\t","protected":false},"excerpt":{"rendered":"<p>Tout ce que vous devez savoir sur l&rsquo;injection d&rsquo;Arthrosamid\u00ae T\u00e9l\u00e9chargez notre brochure sans engagement Entrez votre nom et votre adresse e-mail et vous recevrez la brochure contenant plus d&rsquo;informations sur Arthrosamid\u00ae.<\/p>\n","protected":false},"author":1,"featured_media":0,"parent":5477,"menu_order":0,"comment_status":"closed","ping_status":"closed","template":"elementor_header_footer","meta":{"iawp_total_views":265,"footnotes":""},"class_list":["post-5509","page","type-page","status-publish","hentry"],"yoast_head":"<!-- This site is optimized with the Yoast SEO plugin v27.5 - https:\/\/yoast.com\/product\/yoast-seo-wordpress\/ -->\n<title>t\u00e9l\u00e9chargez notre brochure - Tout ce que vous devez savoir sur l&#039;injection d&#039;Arthrosamid\u00ae<\/title>\n<meta name=\"description\" content=\"Plus d&#039;informations sur Arthrosamid ? T\u00e9l\u00e9chargez ici la brochure sans engagement et d\u00e9couvrez comment ce traitement vous permet de retrouver votre mobilit\u00e9 en cas d&#039;arthrose.\" \/>\n<meta name=\"robots\" content=\"index, follow, max-snippet:-1, max-image-preview:large, max-video-preview:-1\" \/>\n<link rel=\"canonical\" href=\"https:\/\/arthrosamid.be\/fr\/les-patients\/telechargez-notre-brochure\/\" \/>\n<meta property=\"og:locale\" content=\"fr_FR\" \/>\n<meta property=\"og:type\" content=\"article\" \/>\n<meta property=\"og:title\" content=\"t\u00e9l\u00e9chargez notre brochure - Tout ce que vous devez savoir sur l&#039;injection d&#039;Arthrosamid\u00ae\" \/>\n<meta property=\"og:description\" content=\"Plus d&#039;informations sur Arthrosamid ? T\u00e9l\u00e9chargez ici la brochure sans engagement et d\u00e9couvrez comment ce traitement vous permet de retrouver votre mobilit\u00e9 en cas d&#039;arthrose.\" \/>\n<meta property=\"og:url\" content=\"https:\/\/arthrosamid.be\/fr\/les-patients\/telechargez-notre-brochure\/\" \/>\n<meta property=\"og:site_name\" content=\"Behandeling knieartrose ARTHROSAMID Injectie\" \/>\n<meta property=\"article:modified_time\" content=\"2026-04-07T09:42:21+00:00\" \/>\n<meta name=\"twitter:card\" content=\"summary_large_image\" \/>\n<meta name=\"twitter:label1\" content=\"Dur\u00e9e de lecture estim\u00e9e\" \/>\n\t<meta name=\"twitter:data1\" content=\"1 minute\" \/>\n<script type=\"application\/ld+json\" class=\"yoast-schema-graph\">{\"@context\":\"https:\\\/\\\/schema.org\",\"@graph\":[{\"@type\":\"WebPage\",\"@id\":\"https:\\\/\\\/arthrosamid.be\\\/fr\\\/les-patients\\\/telechargez-notre-brochure\\\/\",\"url\":\"https:\\\/\\\/arthrosamid.be\\\/fr\\\/les-patients\\\/telechargez-notre-brochure\\\/\",\"name\":\"t\u00e9l\u00e9chargez notre brochure - Tout ce que vous devez savoir sur l'injection d'Arthrosamid\u00ae\",\"isPartOf\":{\"@id\":\"https:\\\/\\\/arthrosamid.be\\\/fr\\\/#website\"},\"datePublished\":\"2025-07-08T09:50:48+00:00\",\"dateModified\":\"2026-04-07T09:42:21+00:00\",\"description\":\"Plus d'informations sur Arthrosamid ? T\u00e9l\u00e9chargez ici la brochure sans engagement et d\u00e9couvrez comment ce traitement vous permet de retrouver votre mobilit\u00e9 en cas d'arthrose.\",\"breadcrumb\":{\"@id\":\"https:\\\/\\\/arthrosamid.be\\\/fr\\\/les-patients\\\/telechargez-notre-brochure\\\/#breadcrumb\"},\"inLanguage\":\"fr-FR\",\"potentialAction\":[{\"@type\":\"ReadAction\",\"target\":[\"https:\\\/\\\/arthrosamid.be\\\/fr\\\/les-patients\\\/telechargez-notre-brochure\\\/\"]}]},{\"@type\":\"BreadcrumbList\",\"@id\":\"https:\\\/\\\/arthrosamid.be\\\/fr\\\/les-patients\\\/telechargez-notre-brochure\\\/#breadcrumb\",\"itemListElement\":[{\"@type\":\"ListItem\",\"position\":1,\"name\":\"Home\",\"item\":\"https:\\\/\\\/arthrosamid.be\\\/fr\\\/les-patients\\\/\"},{\"@type\":\"ListItem\",\"position\":2,\"name\":\"Les patients\",\"item\":\"https:\\\/\\\/arthrosamid.be\\\/fr\\\/les-patients\\\/\"},{\"@type\":\"ListItem\",\"position\":3,\"name\":\"t\u00e9l\u00e9chargez notre brochure\"}]},{\"@type\":\"WebSite\",\"@id\":\"https:\\\/\\\/arthrosamid.be\\\/fr\\\/#website\",\"url\":\"https:\\\/\\\/arthrosamid.be\\\/fr\\\/\",\"name\":\"Behandeling knieartrose ARTHROSAMID Injectie\",\"description\":\"Een veilige behandeling van knieartrose zonder operatie\",\"publisher\":{\"@id\":\"https:\\\/\\\/arthrosamid.be\\\/fr\\\/#organization\"},\"potentialAction\":[{\"@type\":\"SearchAction\",\"target\":{\"@type\":\"EntryPoint\",\"urlTemplate\":\"https:\\\/\\\/arthrosamid.be\\\/fr\\\/?s={search_term_string}\"},\"query-input\":{\"@type\":\"PropertyValueSpecification\",\"valueRequired\":true,\"valueName\":\"search_term_string\"}}],\"inLanguage\":\"fr-FR\"},{\"@type\":\"Organization\",\"@id\":\"https:\\\/\\\/arthrosamid.be\\\/fr\\\/#organization\",\"name\":\"Arthrosamid powered by Supportho Medical\",\"url\":\"https:\\\/\\\/arthrosamid.be\\\/fr\\\/\",\"logo\":{\"@type\":\"ImageObject\",\"inLanguage\":\"fr-FR\",\"@id\":\"https:\\\/\\\/arthrosamid.be\\\/fr\\\/#\\\/schema\\\/logo\\\/image\\\/\",\"url\":\"https:\\\/\\\/arthrosamid.be\\\/wp-content\\\/uploads\\\/2025\\\/05\\\/Arthrosamid-logo.png\",\"contentUrl\":\"https:\\\/\\\/arthrosamid.be\\\/wp-content\\\/uploads\\\/2025\\\/05\\\/Arthrosamid-logo.png\",\"width\":517,\"height\":162,\"caption\":\"Arthrosamid powered by Supportho Medical\"},\"image\":{\"@id\":\"https:\\\/\\\/arthrosamid.be\\\/fr\\\/#\\\/schema\\\/logo\\\/image\\\/\"}}]}<\/script>\n<!-- \/ Yoast SEO plugin. -->","yoast_head_json":{"title":"t\u00e9l\u00e9chargez notre brochure - Tout ce que vous devez savoir sur l'injection d'Arthrosamid\u00ae","description":"Plus d'informations sur Arthrosamid ? T\u00e9l\u00e9chargez ici la brochure sans engagement et d\u00e9couvrez comment ce traitement vous permet de retrouver votre mobilit\u00e9 en cas d'arthrose.","robots":{"index":"index","follow":"follow","max-snippet":"max-snippet:-1","max-image-preview":"max-image-preview:large","max-video-preview":"max-video-preview:-1"},"canonical":"https:\/\/arthrosamid.be\/fr\/les-patients\/telechargez-notre-brochure\/","og_locale":"fr_FR","og_type":"article","og_title":"t\u00e9l\u00e9chargez notre brochure - Tout ce que vous devez savoir sur l'injection d'Arthrosamid\u00ae","og_description":"Plus d'informations sur Arthrosamid ? T\u00e9l\u00e9chargez ici la brochure sans engagement et d\u00e9couvrez comment ce traitement vous permet de retrouver votre mobilit\u00e9 en cas d'arthrose.","og_url":"https:\/\/arthrosamid.be\/fr\/les-patients\/telechargez-notre-brochure\/","og_site_name":"Behandeling knieartrose ARTHROSAMID Injectie","article_modified_time":"2026-04-07T09:42:21+00:00","twitter_card":"summary_large_image","twitter_misc":{"Dur\u00e9e de lecture estim\u00e9e":"1 minute"},"schema":{"@context":"https:\/\/schema.org","@graph":[{"@type":"WebPage","@id":"https:\/\/arthrosamid.be\/fr\/les-patients\/telechargez-notre-brochure\/","url":"https:\/\/arthrosamid.be\/fr\/les-patients\/telechargez-notre-brochure\/","name":"t\u00e9l\u00e9chargez notre brochure - Tout ce que vous devez savoir sur l'injection d'Arthrosamid\u00ae","isPartOf":{"@id":"https:\/\/arthrosamid.be\/fr\/#website"},"datePublished":"2025-07-08T09:50:48+00:00","dateModified":"2026-04-07T09:42:21+00:00","description":"Plus d'informations sur Arthrosamid ? T\u00e9l\u00e9chargez ici la brochure sans engagement et d\u00e9couvrez comment ce traitement vous permet de retrouver votre mobilit\u00e9 en cas d'arthrose.","breadcrumb":{"@id":"https:\/\/arthrosamid.be\/fr\/les-patients\/telechargez-notre-brochure\/#breadcrumb"},"inLanguage":"fr-FR","potentialAction":[{"@type":"ReadAction","target":["https:\/\/arthrosamid.be\/fr\/les-patients\/telechargez-notre-brochure\/"]}]},{"@type":"BreadcrumbList","@id":"https:\/\/arthrosamid.be\/fr\/les-patients\/telechargez-notre-brochure\/#breadcrumb","itemListElement":[{"@type":"ListItem","position":1,"name":"Home","item":"https:\/\/arthrosamid.be\/fr\/les-patients\/"},{"@type":"ListItem","position":2,"name":"Les patients","item":"https:\/\/arthrosamid.be\/fr\/les-patients\/"},{"@type":"ListItem","position":3,"name":"t\u00e9l\u00e9chargez notre brochure"}]},{"@type":"WebSite","@id":"https:\/\/arthrosamid.be\/fr\/#website","url":"https:\/\/arthrosamid.be\/fr\/","name":"Behandeling knieartrose ARTHROSAMID Injectie","description":"Een veilige behandeling van knieartrose zonder operatie","publisher":{"@id":"https:\/\/arthrosamid.be\/fr\/#organization"},"potentialAction":[{"@type":"SearchAction","target":{"@type":"EntryPoint","urlTemplate":"https:\/\/arthrosamid.be\/fr\/?s={search_term_string}"},"query-input":{"@type":"PropertyValueSpecification","valueRequired":true,"valueName":"search_term_string"}}],"inLanguage":"fr-FR"},{"@type":"Organization","@id":"https:\/\/arthrosamid.be\/fr\/#organization","name":"Arthrosamid powered by Supportho Medical","url":"https:\/\/arthrosamid.be\/fr\/","logo":{"@type":"ImageObject","inLanguage":"fr-FR","@id":"https:\/\/arthrosamid.be\/fr\/#\/schema\/logo\/image\/","url":"https:\/\/arthrosamid.be\/wp-content\/uploads\/2025\/05\/Arthrosamid-logo.png","contentUrl":"https:\/\/arthrosamid.be\/wp-content\/uploads\/2025\/05\/Arthrosamid-logo.png","width":517,"height":162,"caption":"Arthrosamid powered by Supportho Medical"},"image":{"@id":"https:\/\/arthrosamid.be\/fr\/#\/schema\/logo\/image\/"}}]}},"_links":{"self":[{"href":"https:\/\/arthrosamid.be\/fr\/wp-json\/wp\/v2\/pages\/5509","targetHints":{"allow":["GET"]}}],"collection":[{"href":"https:\/\/arthrosamid.be\/fr\/wp-json\/wp\/v2\/pages"}],"about":[{"href":"https:\/\/arthrosamid.be\/fr\/wp-json\/wp\/v2\/types\/page"}],"author":[{"embeddable":true,"href":"https:\/\/arthrosamid.be\/fr\/wp-json\/wp\/v2\/users\/1"}],"replies":[{"embeddable":true,"href":"https:\/\/arthrosamid.be\/fr\/wp-json\/wp\/v2\/comments?post=5509"}],"version-history":[{"count":13,"href":"https:\/\/arthrosamid.be\/fr\/wp-json\/wp\/v2\/pages\/5509\/revisions"}],"predecessor-version":[{"id":6761,"href":"https:\/\/arthrosamid.be\/fr\/wp-json\/wp\/v2\/pages\/5509\/revisions\/6761"}],"up":[{"embeddable":true,"href":"https:\/\/arthrosamid.be\/fr\/wp-json\/wp\/v2\/pages\/5477"}],"wp:attachment":[{"href":"https:\/\/arthrosamid.be\/fr\/wp-json\/wp\/v2\/media?parent=5509"}],"curies":[{"name":"wp","href":"https:\/\/api.w.org\/{rel}","templated":true}]}}