{"id":5564,"date":"2025-06-03T10:13:25","date_gmt":"2025-06-03T10:13:25","guid":{"rendered":"https:\/\/arthrosamid.be\/les-patients\/contact\/"},"modified":"2026-04-07T08:52:35","modified_gmt":"2026-04-07T08:52:35","slug":"contact","status":"publish","type":"page","link":"https:\/\/arthrosamid.be\/fr\/les-patients\/contact\/","title":{"rendered":"Contact"},"content":{"rendered":"\t\t<div data-elementor-type=\"wp-page\" data-elementor-id=\"5564\" class=\"elementor elementor-5564 elementor-1200\" data-elementor-post-type=\"page\">\n\t\t\t\t<div class=\"elementor-element elementor-element-4dc0bfd e-flex e-con-boxed e-con e-parent\" data-id=\"4dc0bfd\" data-element_type=\"container\" data-e-type=\"container\">\n\t\t\t\t\t<div class=\"e-con-inner\">\n\t\t<div class=\"elementor-element elementor-element-f8b8399 e-con-full e-flex e-con e-child\" data-id=\"f8b8399\" data-element_type=\"container\" data-e-type=\"container\">\n\t\t<div class=\"elementor-element elementor-element-0aebf7f e-con-full e-flex e-con e-child\" data-id=\"0aebf7f\" data-element_type=\"container\" data-e-type=\"container\">\n\t\t\t\t<div class=\"elementor-element elementor-element-d1772e4 elementor-widget elementor-widget-heading\" data-id=\"d1772e4\" data-element_type=\"widget\" data-e-type=\"widget\" data-widget_type=\"heading.default\">\n\t\t\t\t<div class=\"elementor-widget-container\">\n\t\t\t\t\t<h2 class=\"elementor-heading-title elementor-size-default\">Vous voulez en savoir plus sur Arthrosamid\u00ae ?<\/h2>\t\t\t\t<\/div>\n\t\t\t\t<\/div>\n\t\t\t\t<div class=\"elementor-element elementor-element-9a1615b elementor-mobile-align-justify elementor-widget elementor-widget-button\" data-id=\"9a1615b\" data-element_type=\"widget\" data-e-type=\"widget\" data-widget_type=\"button.default\">\n\t\t\t\t<div class=\"elementor-widget-container\">\n\t\t\t\t\t\t\t\t\t<div class=\"elementor-button-wrapper\">\n\t\t\t\t\t<a class=\"elementor-button elementor-button-link elementor-size-sm\" href=\"https:\/\/arthrosamid.be\/fr\/les-patients\/telechargez-notre-brochure\/\">\n\t\t\t\t\t\t<span class=\"elementor-button-content-wrapper\">\n\t\t\t\t\t\t\t\t\t<span class=\"elementor-button-text\">Obtenez la brochure<\/span>\n\t\t\t\t\t<\/span>\n\t\t\t\t\t<\/a>\n\t\t\t\t<\/div>\n\t\t\t\t\t\t\t\t<\/div>\n\t\t\t\t<\/div>\n\t\t\t\t<div class=\"elementor-element elementor-element-62f4bd7 elementor-mobile-align-justify elementor-widget elementor-widget-button\" data-id=\"62f4bd7\" data-element_type=\"widget\" data-e-type=\"widget\" data-widget_type=\"button.default\">\n\t\t\t\t<div class=\"elementor-widget-container\">\n\t\t\t\t\t\t\t\t\t<div class=\"elementor-button-wrapper\">\n\t\t\t\t\t<a class=\"elementor-button elementor-button-link elementor-size-sm\" href=\"https:\/\/arthrosamid.be\/fr\/les-patients\/cliniques\/\">\n\t\t\t\t\t\t<span class=\"elementor-button-content-wrapper\">\n\t\t\t\t\t\t\t\t\t<span class=\"elementor-button-text\">Trouvez une clinique pr\u00e8s de chez vous<\/span>\n\t\t\t\t\t<\/span>\n\t\t\t\t\t<\/a>\n\t\t\t\t<\/div>\n\t\t\t\t\t\t\t\t<\/div>\n\t\t\t\t<\/div>\n\t\t\t\t<div class=\"elementor-element elementor-element-2e2ac41 elementor-widget elementor-widget-heading\" data-id=\"2e2ac41\" data-element_type=\"widget\" data-e-type=\"widget\" data-widget_type=\"heading.default\">\n\t\t\t\t<div class=\"elementor-widget-container\">\n\t\t\t\t\t<h2 class=\"elementor-heading-title elementor-size-default\">Avez-vous une question ?<\/h2>\t\t\t\t<\/div>\n\t\t\t\t<\/div>\n\t\t\t\t<div class=\"elementor-element elementor-element-3848889 elementor-widget elementor-widget-text-editor\" data-id=\"3848889\" data-element_type=\"widget\" data-e-type=\"widget\" data-widget_type=\"text-editor.default\">\n\t\t\t\t<div class=\"elementor-widget-container\">\n\t\t\t\t\t\t\t\t\t<p>Si vous avez des questions, n&rsquo;h\u00e9sitez pas \u00e0 nous contacter sans engagement via le formulaire ci-dessous. <span style=\"font-size: 1rem;\">Nous serions ravis de vous fournir plus d&rsquo;informations sur ce qu&rsquo;Arthrosamid\u00ae peut vous apporter !<\/span><\/p>\t\t\t\t\t\t\t\t<\/div>\n\t\t\t\t<\/div>\n\t\t\t\t<div class=\"elementor-element elementor-element-2b5072c elementor-button-align-stretch elementor-widget elementor-widget-form\" data-id=\"2b5072c\" data-element_type=\"widget\" data-e-type=\"widget\" data-settings=\"{&quot;step_next_label&quot;:&quot;Suivant&quot;,&quot;step_previous_label&quot;:&quot;Pr\\u00e9c\\u00e9dent&quot;,&quot;button_width&quot;:&quot;100&quot;,&quot;step_type&quot;:&quot;number_text&quot;,&quot;step_icon_shape&quot;:&quot;circle&quot;}\" data-widget_type=\"form.default\">\n\t\t\t\t<div class=\"elementor-widget-container\">\n\t\t\t\t\t\t\t<form class=\"elementor-form\" method=\"post\" name=\"Nieuw formulier\" aria-label=\"Nieuw formulier\">\n\t\t\t<input type=\"hidden\" name=\"post_id\" value=\"5564\"\/>\n\t\t\t<input type=\"hidden\" name=\"form_id\" value=\"2b5072c\"\/>\n\t\t\t<input type=\"hidden\" name=\"referer_title\" value=\"Behandeling knieartrose ARTHROSAMID Injectie\" \/>\n\n\t\t\t\n\t\t\t<div class=\"elementor-form-fields-wrapper elementor-labels-above\">\n\t\t\t\t\t\t\t\t<div class=\"elementor-field-type-text elementor-field-group elementor-column elementor-field-group-name elementor-col-100 elementor-field-required elementor-mark-required\">\n\t\t\t\t\t\t\t\t\t\t\t\t<label for=\"form-field-name\" class=\"elementor-field-label\">\n\t\t\t\t\t\t\t\tNom\t\t\t\t\t\t\t<\/label>\n\t\t\t\t\t\t\t\t\t\t\t\t\t\t<input size=\"1\" type=\"text\" name=\"form_fields[name]\" id=\"form-field-name\" class=\"elementor-field elementor-size-sm  elementor-field-textual\" required=\"required\">\n\t\t\t\t\t\t\t\t\t\t\t<\/div>\n\t\t\t\t\t\t\t\t<div class=\"elementor-field-type-email elementor-field-group elementor-column elementor-field-group-email elementor-col-100 elementor-field-required elementor-mark-required\">\n\t\t\t\t\t\t\t\t\t\t\t\t<label for=\"form-field-email\" class=\"elementor-field-label\">\n\t\t\t\t\t\t\t\tE-mail\t\t\t\t\t\t\t<\/label>\n\t\t\t\t\t\t\t\t\t\t\t\t\t\t<input size=\"1\" type=\"email\" name=\"form_fields[email]\" id=\"form-field-email\" class=\"elementor-field elementor-size-sm  elementor-field-textual\" required=\"required\">\n\t\t\t\t\t\t\t\t\t\t\t<\/div>\n\t\t\t\t\t\t\t\t<div class=\"elementor-field-type-tel elementor-field-group elementor-column elementor-field-group-field_1ff23d2 elementor-col-100 elementor-field-required elementor-mark-required\">\n\t\t\t\t\t\t\t\t\t\t\t\t<label for=\"form-field-field_1ff23d2\" class=\"elementor-field-label\">\n\t\t\t\t\t\t\t\tNum\u00e9ro de t\u00e9l\u00e9phone\t\t\t\t\t\t\t<\/label>\n\t\t\t\t\t\t\t\t<input size=\"1\" type=\"tel\" name=\"form_fields[field_1ff23d2]\" id=\"form-field-field_1ff23d2\" class=\"elementor-field elementor-size-sm  elementor-field-textual\" required=\"required\" pattern=\"[0-9()#&amp;+*-=.]+\" title=\"Seuls les caract\u00e8res de num\u00e9ros de t\u00e9l\u00e9phone (#, -, *, etc.) sont accept\u00e9s.\">\n\n\t\t\t\t\t\t<\/div>\n\t\t\t\t\t\t\t\t<div class=\"elementor-field-type-textarea elementor-field-group elementor-column elementor-field-group-message elementor-col-100 elementor-field-required elementor-mark-required\">\n\t\t\t\t\t\t\t\t\t\t\t\t<label for=\"form-field-message\" class=\"elementor-field-label\">\n\t\t\t\t\t\t\t\tMessage\t\t\t\t\t\t\t<\/label>\n\t\t\t\t\t\t<textarea class=\"elementor-field-textual elementor-field  elementor-size-sm\" name=\"form_fields[message]\" id=\"form-field-message\" rows=\"4\" required=\"required\"><\/textarea>\t\t\t\t<\/div>\n\t\t\t\t\t\t\t\t<div class=\"elementor-field-type-text\">\n\t\t\t\t\t<input size=\"1\" type=\"text\" name=\"form_fields[field_5b84520]\" id=\"form-field-field_5b84520\" class=\"elementor-field elementor-size-sm \" style=\"display:none !important;\">\t\t\t\t<\/div>\n\t\t\t\t\t\t\t\t<div class=\"elementor-field-group elementor-column elementor-field-type-submit elementor-col-100 e-form__buttons\">\n\t\t\t\t\t<button class=\"elementor-button elementor-size-sm\" type=\"submit\">\n\t\t\t\t\t\t<span class=\"elementor-button-content-wrapper\">\n\t\t\t\t\t\t\t\t\t\t\t\t\t\t\t\t\t\t\t\t\t\t<span class=\"elementor-button-text\">Envoyer<\/span>\n\t\t\t\t\t\t\t\t\t\t\t\t\t<\/span>\n\t\t\t\t\t<\/button>\n\t\t\t\t<\/div>\n\t\t\t<\/div>\n\t\t<\/form>\n\t\t\t\t\t\t<\/div>\n\t\t\t\t<\/div>\n\t\t\t\t<div class=\"elementor-element elementor-element-a32d65d elementor-hidden-desktop elementor-hidden-tablet elementor-hidden-mobile elementor-widget elementor-widget-html\" data-id=\"a32d65d\" data-element_type=\"widget\" data-e-type=\"widget\" data-widget_type=\"html.default\">\n\t\t\t\t<div class=\"elementor-widget-container\">\n\t\t\t\t\t<div class=\"_form_1\"><\/div><script src=\"https:\/\/bartvanderkamp.activehosted.com\/f\/embed.php?id=1\" charset=\"utf-8\"><\/script>\t\t\t\t<\/div>\n\t\t\t\t<\/div>\n\t\t\t\t<\/div>\n\t\t<div class=\"elementor-element elementor-element-7684622 e-con-full e-flex e-con e-child\" data-id=\"7684622\" data-element_type=\"container\" data-e-type=\"container\" data-settings=\"{&quot;background_background&quot;:&quot;classic&quot;}\">\n\t\t<div class=\"elementor-element elementor-element-cee1212 e-con-full e-flex e-con e-child\" data-id=\"cee1212\" data-element_type=\"container\" data-e-type=\"container\" data-settings=\"{&quot;background_background&quot;:&quot;classic&quot;}\">\n\t\t\t\t<div class=\"elementor-element elementor-element-94c6a9f elementor-widget elementor-widget-heading\" data-id=\"94c6a9f\" data-element_type=\"widget\" data-e-type=\"widget\" data-widget_type=\"heading.default\">\n\t\t\t\t<div class=\"elementor-widget-container\">\n\t\t\t\t\t<h2 class=\"elementor-heading-title elementor-size-default\">Remettez-vous en mouvement avec Arthrosamid\u00ae.<\/h2>\t\t\t\t<\/div>\n\t\t\t\t<\/div>\n\t\t\t\t<\/div>\n\t\t\t\t<\/div>\n\t\t\t\t<\/div>\n\t\t<div class=\"elementor-element elementor-element-4d06bd4 e-con-full e-flex e-con e-child\" data-id=\"4d06bd4\" data-element_type=\"container\" data-e-type=\"container\">\n\t\t<div class=\"elementor-element elementor-element-324b800 e-con-full e-flex e-con e-child\" data-id=\"324b800\" data-element_type=\"container\" data-e-type=\"container\" data-settings=\"{&quot;background_background&quot;:&quot;classic&quot;}\">\n\t\t\t\t<div class=\"elementor-element elementor-element-d0225b3 elementor-view-default elementor-widget elementor-widget-icon\" data-id=\"d0225b3\" data-element_type=\"widget\" data-e-type=\"widget\" data-widget_type=\"icon.default\">\n\t\t\t\t<div class=\"elementor-widget-container\">\n\t\t\t\t\t\t\t<div class=\"elementor-icon-wrapper\">\n\t\t\t<div class=\"elementor-icon\">\n\t\t\t<svg aria-hidden=\"true\" class=\"e-font-icon-svg e-fas-walking\" viewBox=\"0 0 320 512\" xmlns=\"http:\/\/www.w3.org\/2000\/svg\"><path d=\"M208 96c26.5 0 48-21.5 48-48S234.5 0 208 0s-48 21.5-48 48 21.5 48 48 48zm94.5 149.1l-23.3-11.8-9.7-29.4c-14.7-44.6-55.7-75.8-102.2-75.9-36-.1-55.9 10.1-93.3 25.2-21.6 8.7-39.3 25.2-49.7 46.2L17.6 213c-7.8 15.8-1.5 35 14.2 42.9 15.6 7.9 34.6 1.5 42.5-14.3L81 228c3.5-7 9.3-12.5 16.5-15.4l26.8-10.8-15.2 60.7c-5.2 20.8.4 42.9 14.9 58.8l59.9 65.4c7.2 7.9 12.3 17.4 14.9 27.7l18.3 73.3c4.3 17.1 21.7 27.6 38.8 23.3 17.1-4.3 27.6-21.7 23.3-38.8l-22.2-89c-2.6-10.3-7.7-19.9-14.9-27.7l-45.5-49.7 17.2-68.7 5.5 16.5c5.3 16.1 16.7 29.4 31.7 37l23.3 11.8c15.6 7.9 34.6 1.5 42.5-14.3 7.7-15.7 1.4-35.1-14.3-43zM73.6 385.8c-3.2 8.1-8 15.4-14.2 21.5l-50 50.1c-12.5 12.5-12.5 32.8 0 45.3s32.7 12.5 45.2 0l59.4-59.4c6.1-6.1 10.9-13.4 14.2-21.5l13.5-33.8c-55.3-60.3-38.7-41.8-47.4-53.7l-20.7 51.5z\"><\/path><\/svg>\t\t\t<\/div>\n\t\t<\/div>\n\t\t\t\t\t\t<\/div>\n\t\t\t\t<\/div>\n\t\t\t\t<div class=\"elementor-element elementor-element-e7829d6 elementor-widget elementor-widget-heading\" data-id=\"e7829d6\" data-element_type=\"widget\" data-e-type=\"widget\" data-widget_type=\"heading.default\">\n\t\t\t\t<div class=\"elementor-widget-container\">\n\t\t\t\t\t<h2 class=\"elementor-heading-title elementor-size-default\">R\u00e9habilitation<\/h2>\t\t\t\t<\/div>\n\t\t\t\t<\/div>\n\t\t\t\t<div class=\"elementor-element elementor-element-7638803 elementor-widget elementor-widget-text-editor\" data-id=\"7638803\" data-element_type=\"widget\" data-e-type=\"widget\" data-widget_type=\"text-editor.default\">\n\t\t\t\t<div class=\"elementor-widget-container\">\n\t\t\t\t\t\t\t\t\t<div class=\"flex flex-col gap-y-4 lg:gap-y-6 items-center\">\n<div class=\"prose flex flex-col base gap-y-3 lg:gap-y-4 text-sm lg:text-base text-center text-balance\">\n<p>D\u00e9couvrez le programme d&rsquo;auto-apprentissage gratuit pour la r\u00e9\u00e9ducation des patients. Propos\u00e9 et d\u00e9velopp\u00e9 par Arthrosamid\u00ae. <\/p>\n<\/div>\n<\/div>\t\t\t\t\t\t\t\t<\/div>\n\t\t\t\t<\/div>\n\t\t\t\t<div class=\"elementor-element elementor-element-433ef69 elementor-align-center elementor-widget elementor-widget-button\" data-id=\"433ef69\" data-element_type=\"widget\" data-e-type=\"widget\" data-widget_type=\"button.default\">\n\t\t\t\t<div class=\"elementor-widget-container\">\n\t\t\t\t\t\t\t\t\t<div class=\"elementor-button-wrapper\">\n\t\t\t\t\t<a class=\"elementor-button elementor-button-link elementor-size-sm\" href=\"https:\/\/arthrosamid.com\/nl\/rehab\" target=\"_blank\">\n\t\t\t\t\t\t<span class=\"elementor-button-content-wrapper\">\n\t\t\t\t\t\t\t\t\t<span class=\"elementor-button-text\">D\u00e9couvrez le programme<\/span>\n\t\t\t\t\t<\/span>\n\t\t\t\t\t<\/a>\n\t\t\t\t<\/div>\n\t\t\t\t\t\t\t\t<\/div>\n\t\t\t\t<\/div>\n\t\t\t\t<\/div>\n\t\t\t\t<\/div>\n\t\t\t\t\t<\/div>\n\t\t\t\t<\/div>\n\t\t<div class=\"elementor-element elementor-element-84f8151 e-flex e-con-boxed e-con e-parent\" data-id=\"84f8151\" data-element_type=\"container\" data-e-type=\"container\">\n\t\t\t\t\t<div class=\"e-con-inner\">\n\t\t\t\t\t<\/div>\n\t\t\t\t<\/div>\n\t\t\t\t<\/div>\n\t\t","protected":false},"excerpt":{"rendered":"<p>Vous voulez en savoir plus sur Arthrosamid\u00ae ? Obtenez la brochure Trouvez une clinique pr\u00e8s de chez vous Avez-vous une question ? Si vous avez des questions, n&rsquo;h\u00e9sitez pas \u00e0 nous contacter sans engagement via le formulaire ci-dessous. Nous serions ravis de vous fournir plus d&rsquo;informations sur ce qu&rsquo;Arthrosamid\u00ae peut vous apporter ! Remettez-vous en [&hellip;]<\/p>\n","protected":false},"author":1,"featured_media":0,"parent":5477,"menu_order":0,"comment_status":"closed","ping_status":"closed","template":"elementor_header_footer","meta":{"iawp_total_views":345,"footnotes":""},"class_list":["post-5564","page","type-page","status-publish","hentry"],"yoast_head":"<!-- This site is optimized with the Yoast SEO plugin v27.5 - https:\/\/yoast.com\/product\/yoast-seo-wordpress\/ -->\n<title>Vous souhaitez en savoir plus sur Arthrosamid ?<\/title>\n<meta name=\"description\" content=\"Vous souhaitez en savoir plus sur l&#039;Arthrosamid ? Contactez-nous sans engagement \u00e0 l&#039;aide du formulaire ci-dessous. Nous nous ferons un plaisir de r\u00e9pondre \u00e0 vos questions sp\u00e9cifiques.\" \/>\n<meta name=\"robots\" content=\"index, follow, max-snippet:-1, max-image-preview:large, max-video-preview:-1\" \/>\n<link rel=\"canonical\" href=\"https:\/\/arthrosamid.be\/fr\/les-patients\/contact\/\" \/>\n<meta property=\"og:locale\" content=\"fr_FR\" \/>\n<meta property=\"og:type\" content=\"article\" \/>\n<meta property=\"og:title\" content=\"Vous souhaitez en savoir plus sur Arthrosamid ?\" \/>\n<meta property=\"og:description\" content=\"Vous souhaitez en savoir plus sur l&#039;Arthrosamid ? Contactez-nous sans engagement \u00e0 l&#039;aide du formulaire ci-dessous. Nous nous ferons un plaisir de r\u00e9pondre \u00e0 vos questions sp\u00e9cifiques.\" \/>\n<meta property=\"og:url\" content=\"https:\/\/arthrosamid.be\/fr\/les-patients\/contact\/\" \/>\n<meta property=\"og:site_name\" content=\"Behandeling knieartrose ARTHROSAMID Injectie\" \/>\n<meta property=\"article:modified_time\" content=\"2026-04-07T08:52:35+00:00\" \/>\n<meta name=\"twitter:card\" content=\"summary_large_image\" \/>\n<meta name=\"twitter:label1\" content=\"Dur\u00e9e de lecture estim\u00e9e\" \/>\n\t<meta name=\"twitter:data1\" content=\"4 minutes\" \/>\n<script type=\"application\/ld+json\" class=\"yoast-schema-graph\">{\"@context\":\"https:\\\/\\\/schema.org\",\"@graph\":[{\"@type\":\"WebPage\",\"@id\":\"https:\\\/\\\/arthrosamid.be\\\/fr\\\/les-patients\\\/contact\\\/\",\"url\":\"https:\\\/\\\/arthrosamid.be\\\/fr\\\/les-patients\\\/contact\\\/\",\"name\":\"Vous souhaitez en savoir plus sur Arthrosamid ?\",\"isPartOf\":{\"@id\":\"https:\\\/\\\/arthrosamid.be\\\/fr\\\/#website\"},\"datePublished\":\"2025-06-03T10:13:25+00:00\",\"dateModified\":\"2026-04-07T08:52:35+00:00\",\"description\":\"Vous souhaitez en savoir plus sur l'Arthrosamid ? Contactez-nous sans engagement \u00e0 l'aide du formulaire ci-dessous. Nous nous ferons un plaisir de r\u00e9pondre \u00e0 vos questions sp\u00e9cifiques.\",\"breadcrumb\":{\"@id\":\"https:\\\/\\\/arthrosamid.be\\\/fr\\\/les-patients\\\/contact\\\/#breadcrumb\"},\"inLanguage\":\"fr-FR\",\"potentialAction\":[{\"@type\":\"ReadAction\",\"target\":[\"https:\\\/\\\/arthrosamid.be\\\/fr\\\/les-patients\\\/contact\\\/\"]}]},{\"@type\":\"BreadcrumbList\",\"@id\":\"https:\\\/\\\/arthrosamid.be\\\/fr\\\/les-patients\\\/contact\\\/#breadcrumb\",\"itemListElement\":[{\"@type\":\"ListItem\",\"position\":1,\"name\":\"Home\",\"item\":\"https:\\\/\\\/arthrosamid.be\\\/fr\\\/les-patients\\\/\"},{\"@type\":\"ListItem\",\"position\":2,\"name\":\"Les patients\",\"item\":\"https:\\\/\\\/arthrosamid.be\\\/fr\\\/les-patients\\\/\"},{\"@type\":\"ListItem\",\"position\":3,\"name\":\"Contact\"}]},{\"@type\":\"WebSite\",\"@id\":\"https:\\\/\\\/arthrosamid.be\\\/fr\\\/#website\",\"url\":\"https:\\\/\\\/arthrosamid.be\\\/fr\\\/\",\"name\":\"Behandeling knieartrose ARTHROSAMID Injectie\",\"description\":\"Een veilige behandeling van knieartrose zonder operatie\",\"publisher\":{\"@id\":\"https:\\\/\\\/arthrosamid.be\\\/fr\\\/#organization\"},\"potentialAction\":[{\"@type\":\"SearchAction\",\"target\":{\"@type\":\"EntryPoint\",\"urlTemplate\":\"https:\\\/\\\/arthrosamid.be\\\/fr\\\/?s={search_term_string}\"},\"query-input\":{\"@type\":\"PropertyValueSpecification\",\"valueRequired\":true,\"valueName\":\"search_term_string\"}}],\"inLanguage\":\"fr-FR\"},{\"@type\":\"Organization\",\"@id\":\"https:\\\/\\\/arthrosamid.be\\\/fr\\\/#organization\",\"name\":\"Arthrosamid powered by Supportho Medical\",\"url\":\"https:\\\/\\\/arthrosamid.be\\\/fr\\\/\",\"logo\":{\"@type\":\"ImageObject\",\"inLanguage\":\"fr-FR\",\"@id\":\"https:\\\/\\\/arthrosamid.be\\\/fr\\\/#\\\/schema\\\/logo\\\/image\\\/\",\"url\":\"https:\\\/\\\/arthrosamid.be\\\/wp-content\\\/uploads\\\/2025\\\/05\\\/Arthrosamid-logo.png\",\"contentUrl\":\"https:\\\/\\\/arthrosamid.be\\\/wp-content\\\/uploads\\\/2025\\\/05\\\/Arthrosamid-logo.png\",\"width\":517,\"height\":162,\"caption\":\"Arthrosamid powered by Supportho Medical\"},\"image\":{\"@id\":\"https:\\\/\\\/arthrosamid.be\\\/fr\\\/#\\\/schema\\\/logo\\\/image\\\/\"}}]}<\/script>\n<!-- \/ Yoast SEO plugin. -->","yoast_head_json":{"title":"Vous souhaitez en savoir plus sur Arthrosamid ?","description":"Vous souhaitez en savoir plus sur l'Arthrosamid ? Contactez-nous sans engagement \u00e0 l'aide du formulaire ci-dessous. Nous nous ferons un plaisir de r\u00e9pondre \u00e0 vos questions sp\u00e9cifiques.","robots":{"index":"index","follow":"follow","max-snippet":"max-snippet:-1","max-image-preview":"max-image-preview:large","max-video-preview":"max-video-preview:-1"},"canonical":"https:\/\/arthrosamid.be\/fr\/les-patients\/contact\/","og_locale":"fr_FR","og_type":"article","og_title":"Vous souhaitez en savoir plus sur Arthrosamid ?","og_description":"Vous souhaitez en savoir plus sur l'Arthrosamid ? Contactez-nous sans engagement \u00e0 l'aide du formulaire ci-dessous. Nous nous ferons un plaisir de r\u00e9pondre \u00e0 vos questions sp\u00e9cifiques.","og_url":"https:\/\/arthrosamid.be\/fr\/les-patients\/contact\/","og_site_name":"Behandeling knieartrose ARTHROSAMID Injectie","article_modified_time":"2026-04-07T08:52:35+00:00","twitter_card":"summary_large_image","twitter_misc":{"Dur\u00e9e de lecture estim\u00e9e":"4 minutes"},"schema":{"@context":"https:\/\/schema.org","@graph":[{"@type":"WebPage","@id":"https:\/\/arthrosamid.be\/fr\/les-patients\/contact\/","url":"https:\/\/arthrosamid.be\/fr\/les-patients\/contact\/","name":"Vous souhaitez en savoir plus sur Arthrosamid ?","isPartOf":{"@id":"https:\/\/arthrosamid.be\/fr\/#website"},"datePublished":"2025-06-03T10:13:25+00:00","dateModified":"2026-04-07T08:52:35+00:00","description":"Vous souhaitez en savoir plus sur l'Arthrosamid ? Contactez-nous sans engagement \u00e0 l'aide du formulaire ci-dessous. Nous nous ferons un plaisir de r\u00e9pondre \u00e0 vos questions sp\u00e9cifiques.","breadcrumb":{"@id":"https:\/\/arthrosamid.be\/fr\/les-patients\/contact\/#breadcrumb"},"inLanguage":"fr-FR","potentialAction":[{"@type":"ReadAction","target":["https:\/\/arthrosamid.be\/fr\/les-patients\/contact\/"]}]},{"@type":"BreadcrumbList","@id":"https:\/\/arthrosamid.be\/fr\/les-patients\/contact\/#breadcrumb","itemListElement":[{"@type":"ListItem","position":1,"name":"Home","item":"https:\/\/arthrosamid.be\/fr\/les-patients\/"},{"@type":"ListItem","position":2,"name":"Les patients","item":"https:\/\/arthrosamid.be\/fr\/les-patients\/"},{"@type":"ListItem","position":3,"name":"Contact"}]},{"@type":"WebSite","@id":"https:\/\/arthrosamid.be\/fr\/#website","url":"https:\/\/arthrosamid.be\/fr\/","name":"Behandeling knieartrose ARTHROSAMID Injectie","description":"Een veilige behandeling van knieartrose zonder operatie","publisher":{"@id":"https:\/\/arthrosamid.be\/fr\/#organization"},"potentialAction":[{"@type":"SearchAction","target":{"@type":"EntryPoint","urlTemplate":"https:\/\/arthrosamid.be\/fr\/?s={search_term_string}"},"query-input":{"@type":"PropertyValueSpecification","valueRequired":true,"valueName":"search_term_string"}}],"inLanguage":"fr-FR"},{"@type":"Organization","@id":"https:\/\/arthrosamid.be\/fr\/#organization","name":"Arthrosamid powered by Supportho Medical","url":"https:\/\/arthrosamid.be\/fr\/","logo":{"@type":"ImageObject","inLanguage":"fr-FR","@id":"https:\/\/arthrosamid.be\/fr\/#\/schema\/logo\/image\/","url":"https:\/\/arthrosamid.be\/wp-content\/uploads\/2025\/05\/Arthrosamid-logo.png","contentUrl":"https:\/\/arthrosamid.be\/wp-content\/uploads\/2025\/05\/Arthrosamid-logo.png","width":517,"height":162,"caption":"Arthrosamid powered by Supportho Medical"},"image":{"@id":"https:\/\/arthrosamid.be\/fr\/#\/schema\/logo\/image\/"}}]}},"_links":{"self":[{"href":"https:\/\/arthrosamid.be\/fr\/wp-json\/wp\/v2\/pages\/5564","targetHints":{"allow":["GET"]}}],"collection":[{"href":"https:\/\/arthrosamid.be\/fr\/wp-json\/wp\/v2\/pages"}],"about":[{"href":"https:\/\/arthrosamid.be\/fr\/wp-json\/wp\/v2\/types\/page"}],"author":[{"embeddable":true,"href":"https:\/\/arthrosamid.be\/fr\/wp-json\/wp\/v2\/users\/1"}],"replies":[{"embeddable":true,"href":"https:\/\/arthrosamid.be\/fr\/wp-json\/wp\/v2\/comments?post=5564"}],"version-history":[{"count":14,"href":"https:\/\/arthrosamid.be\/fr\/wp-json\/wp\/v2\/pages\/5564\/revisions"}],"predecessor-version":[{"id":6752,"href":"https:\/\/arthrosamid.be\/fr\/wp-json\/wp\/v2\/pages\/5564\/revisions\/6752"}],"up":[{"embeddable":true,"href":"https:\/\/arthrosamid.be\/fr\/wp-json\/wp\/v2\/pages\/5477"}],"wp:attachment":[{"href":"https:\/\/arthrosamid.be\/fr\/wp-json\/wp\/v2\/media?parent=5564"}],"curies":[{"name":"wp","href":"https:\/\/api.w.org\/{rel}","templated":true}]}}